{"id":994,"date":"2023-05-20T13:12:54","date_gmt":"2023-05-20T13:12:54","guid":{"rendered":"https:\/\/taranivanua.de\/?post_type=product&#038;p=994"},"modified":"2023-05-21T10:30:48","modified_gmt":"2023-05-21T10:30:48","slug":"rudraksha-anhaenger-5-mukhi-tuerkis","status":"publish","type":"product","link":"https:\/\/taranivanua.de\/?product=rudraksha-anhaenger-5-mukhi-tuerkis","title":{"rendered":"Rudraksha Anh\u00e4nger &#8211; 5 Mukhi-T\u00fcrkis"},"content":{"rendered":"<p><strong>Material:<\/strong> 5 Mukhi (Panchmukhi oder Shiva-Beat )Rudraksha-Perle<\/p>\n<p>Rudraksha Perle 16mm \/ Edelstein: T\u00fcrkis 8mm \/Metall-Tibeatan Silver \/ verstellbare Stoffkordel<\/p>\n<p><strong>L\u00e4nge mit Anh\u00e4nger<\/strong>:<\/p>\n<p>Rudraksha wird in der indischen Tradition gesch\u00e4tzt f\u00fcr allgemeines Wohlbefinden und dient der Balance. Die Perlen (Saaten) konservieren die eigene Energie und sollten nur von der Person selber ber\u00fchrt werden, die sie tr\u00e4gt.<\/p>\n<p>T\u00fcrkis ist ein gro\u00dfer Schutzsteine &#8211; Halzchakra.<\/p>\n<p>Diese sehr harmonisch gewachsenen Rudraksha Perlen kommen aus Fidschi. Sie werden von uns selbst gesammelt und sehr sorgf\u00e4ltig von Hand gereinigt und mit Sandelholz\u00f6l behandelt. Unser Rudraksha-Baum ist weit \u00fcber 100 Jahre alt, wurde von den ersten indischen EinwanderInnen (Girmits) nach Fidschi gebracht und befindet sich in Suva, der Hauptstadt, im Thurston Garden.<\/p>\n<p>Handmade\u00a0 in Germany<\/p>\n","protected":false},"excerpt":{"rendered":"<p>Rudraksha Anh\u00e4nger &#8211; 5 Mukhi-T\u00fcrkis<\/p>\n","protected":false},"featured_media":976,"template":"","meta":[],"product_cat":[43],"product_tag":[],"class_list":{"0":"post-994","1":"product","2":"type-product","3":"status-publish","4":"has-post-thumbnail","6":"product_cat-rudraksha-anhaenger","8":"first","9":"instock","10":"sold-individually","11":"purchasable","12":"product-type-simple"},"jetpack_sharing_enabled":true,"_links":{"self":[{"href":"https:\/\/taranivanua.de\/index.php?rest_route=\/wp\/v2\/product\/994","targetHints":{"allow":["GET"]}}],"collection":[{"href":"https:\/\/taranivanua.de\/index.php?rest_route=\/wp\/v2\/product"}],"about":[{"href":"https:\/\/taranivanua.de\/index.php?rest_route=\/wp\/v2\/types\/product"}],"wp:featuredmedia":[{"embeddable":true,"href":"https:\/\/taranivanua.de\/index.php?rest_route=\/wp\/v2\/media\/976"}],"wp:attachment":[{"href":"https:\/\/taranivanua.de\/index.php?rest_route=%2Fwp%2Fv2%2Fmedia&parent=994"}],"wp:term":[{"taxonomy":"product_cat","embeddable":true,"href":"https:\/\/taranivanua.de\/index.php?rest_route=%2Fwp%2Fv2%2Fproduct_cat&post=994"},{"taxonomy":"product_tag","embeddable":true,"href":"https:\/\/taranivanua.de\/index.php?rest_route=%2Fwp%2Fv2%2Fproduct_tag&post=994"}],"curies":[{"name":"wp","href":"https:\/\/api.w.org\/{rel}","templated":true}]}}