{"id":987,"date":"2023-05-20T12:28:34","date_gmt":"2023-05-20T12:28:34","guid":{"rendered":"https:\/\/taranivanua.de\/?post_type=product&#038;p=987"},"modified":"2023-05-20T12:51:13","modified_gmt":"2023-05-20T12:51:13","slug":"rudraksha-anhaenger-5-mukhi-green-jade","status":"publish","type":"product","link":"https:\/\/taranivanua.de\/?product=rudraksha-anhaenger-5-mukhi-green-jade","title":{"rendered":"Rudraksha Anh\u00e4nger &#8211; 5 Mukhi Green Jade"},"content":{"rendered":"<p><strong>Material:<\/strong> 5 Mukhi (Panchmukhi oder Shiva-Bead )Rudraksha-Perle<\/p>\n<p>Rudraksha Perle 15mm \/Edelstein: Green Jade 8mm \/ Metall-Bronze \/ Kette vergoldet 24k<\/p>\n<p><strong>L\u00e4nge mit Anh\u00e4nger<\/strong>:<\/p>\n<p>Rudraksha wird in der indischen Tradition gesch\u00e4tzt f\u00fcr allgemeines Wohlbefinden und dient der Balance. Die Perlen (Saaten) konservieren die eigene Energie und sollten nur von der Person selber ber\u00fchrt werden, die sie tr\u00e4gt. Der Jade-Edelstein steht f\u00fcr Harmonie und Langlebigkeit.<\/p>\n<p>Diese sehr harmonisch gewachsenen Rudraksha Perlen kommen aus Fidschi. Sie werden von uns selbst gesammelt und sehr sorgf\u00e4ltig von Hand gereinigt und mit Sandelholz\u00f6l behandelt. Unser Rudraksha-Baum ist weit \u00fcber 100 Jahre alt, wurde von den ersten indischen EinwanderInnen (Girmits) nach Fidschi gebracht und befindet sich in Suva, der Hauptstadt, im Thurston Garden.<\/p>\n<p>Handmade\u00a0 in Germany<\/p>\n","protected":false},"excerpt":{"rendered":"<p>Rudraksha Anh\u00e4nger &#8211; 5 Mukhi &#8211; Green Jade<\/p>\n","protected":false},"featured_media":959,"template":"","meta":[],"product_cat":[43],"product_tag":[],"class_list":{"0":"post-987","1":"product","2":"type-product","3":"status-publish","4":"has-post-thumbnail","6":"product_cat-rudraksha-anhaenger","8":"first","9":"instock","10":"sold-individually","11":"purchasable","12":"product-type-simple"},"jetpack_sharing_enabled":true,"_links":{"self":[{"href":"https:\/\/taranivanua.de\/index.php?rest_route=\/wp\/v2\/product\/987","targetHints":{"allow":["GET"]}}],"collection":[{"href":"https:\/\/taranivanua.de\/index.php?rest_route=\/wp\/v2\/product"}],"about":[{"href":"https:\/\/taranivanua.de\/index.php?rest_route=\/wp\/v2\/types\/product"}],"wp:featuredmedia":[{"embeddable":true,"href":"https:\/\/taranivanua.de\/index.php?rest_route=\/wp\/v2\/media\/959"}],"wp:attachment":[{"href":"https:\/\/taranivanua.de\/index.php?rest_route=%2Fwp%2Fv2%2Fmedia&parent=987"}],"wp:term":[{"taxonomy":"product_cat","embeddable":true,"href":"https:\/\/taranivanua.de\/index.php?rest_route=%2Fwp%2Fv2%2Fproduct_cat&post=987"},{"taxonomy":"product_tag","embeddable":true,"href":"https:\/\/taranivanua.de\/index.php?rest_route=%2Fwp%2Fv2%2Fproduct_tag&post=987"}],"curies":[{"name":"wp","href":"https:\/\/api.w.org\/{rel}","templated":true}]}}