{"id":807,"date":"2023-04-18T06:32:30","date_gmt":"2023-04-18T06:32:30","guid":{"rendered":"https:\/\/taranivanua.de\/?post_type=product&#038;p=807"},"modified":"2023-04-22T09:21:14","modified_gmt":"2023-04-22T09:21:14","slug":"lapislazuli-achat-armband","status":"publish","type":"product","link":"https:\/\/taranivanua.de\/?product=lapislazuli-achat-armband","title":{"rendered":"Lapislazuli-Achat Armband"},"content":{"rendered":"<p><strong>Material:<\/strong><\/p>\n<p>Edelsteine: Lapislazuli 10mm, Orange Achat\u00a0 6mm<\/p>\n<p><strong>Umfang:<\/strong> ca. 17cm<\/p>\n<p>Der Lapislazuli Edelstein ist der Stein der Spiritualit\u00e4t, Konzentration und Weisheit. Er wird dem Hals-, Dritte Auge- und Kronen-Chakra zugeordnet. Sein Sternzeichen ist Sch\u00fctze und Waage. Achat hilft Dir bei der Erdung und bringt Stabilit\u00e4t.<\/p>\n<p>Handmade<\/p>\n","protected":false},"excerpt":{"rendered":"<p>Der Lapislazuli Edelstein ist der Stein der Spiritualit\u00e4t, Konzentration und Weisheit. Er wird dem Hals-, Dritte Auge- und Kronen-Chakra zugeordnet. Sein Sternzeichen ist Sch\u00fctze und Waage. Achat hilft Dir bei der Erdung und bringt Stabilit\u00e4t.<\/p>\n","protected":false},"featured_media":785,"template":"","meta":[],"product_cat":[42],"product_tag":[],"class_list":{"0":"post-807","1":"product","2":"type-product","3":"status-publish","4":"has-post-thumbnail","6":"product_cat-mala-edelstein-armband","8":"first","9":"instock","10":"sold-individually","11":"purchasable","12":"product-type-simple"},"jetpack_sharing_enabled":true,"_links":{"self":[{"href":"https:\/\/taranivanua.de\/index.php?rest_route=\/wp\/v2\/product\/807","targetHints":{"allow":["GET"]}}],"collection":[{"href":"https:\/\/taranivanua.de\/index.php?rest_route=\/wp\/v2\/product"}],"about":[{"href":"https:\/\/taranivanua.de\/index.php?rest_route=\/wp\/v2\/types\/product"}],"wp:featuredmedia":[{"embeddable":true,"href":"https:\/\/taranivanua.de\/index.php?rest_route=\/wp\/v2\/media\/785"}],"wp:attachment":[{"href":"https:\/\/taranivanua.de\/index.php?rest_route=%2Fwp%2Fv2%2Fmedia&parent=807"}],"wp:term":[{"taxonomy":"product_cat","embeddable":true,"href":"https:\/\/taranivanua.de\/index.php?rest_route=%2Fwp%2Fv2%2Fproduct_cat&post=807"},{"taxonomy":"product_tag","embeddable":true,"href":"https:\/\/taranivanua.de\/index.php?rest_route=%2Fwp%2Fv2%2Fproduct_tag&post=807"}],"curies":[{"name":"wp","href":"https:\/\/api.w.org\/{rel}","templated":true}]}}