{"id":805,"date":"2023-04-18T06:30:08","date_gmt":"2023-04-18T06:30:08","guid":{"rendered":"https:\/\/taranivanua.de\/?post_type=product&#038;p=805"},"modified":"2023-04-22T09:22:14","modified_gmt":"2023-04-22T09:22:14","slug":"griechischer-jaspis-armband","status":"publish","type":"product","link":"https:\/\/taranivanua.de\/?product=griechischer-jaspis-armband","title":{"rendered":"Griechischer Jaspis Armband"},"content":{"rendered":"<p><strong>Material:<\/strong><\/p>\n<p>Edelsteine: Roter Jaspis 10mm<\/p>\n<p><strong>Umfang:<\/strong> ca. 19cm<\/p>\n<p>Das rote Jaspis Armband ist der ideale Begleiter f\u00fcr den Alltag. Jaspis gilt als ausgleichend und beruhigend. Er eignet sich auch zur Unterst\u00fctzung der Meditation. Er wird f\u00fcr alle Chakras verwendet und in der Astrologie dem Sternzeichen L\u00f6we zugeordnet.<\/p>\n<p>Handmade<\/p>\n","protected":false},"excerpt":{"rendered":"<p>Das rote Jaspis Armband ist der ideale Begleiter f\u00fcr den Alltag. Jaspis gilt als ausgleichend und beruhigend. Er eignet sich auch zur Unterst\u00fctzung der Meditation.<\/p>\n","protected":false},"featured_media":781,"template":"","meta":[],"product_cat":[42],"product_tag":[],"class_list":{"0":"post-805","1":"product","2":"type-product","3":"status-publish","4":"has-post-thumbnail","6":"product_cat-mala-edelstein-armband","8":"first","9":"instock","10":"sold-individually","11":"purchasable","12":"product-type-simple"},"jetpack_sharing_enabled":true,"_links":{"self":[{"href":"https:\/\/taranivanua.de\/index.php?rest_route=\/wp\/v2\/product\/805","targetHints":{"allow":["GET"]}}],"collection":[{"href":"https:\/\/taranivanua.de\/index.php?rest_route=\/wp\/v2\/product"}],"about":[{"href":"https:\/\/taranivanua.de\/index.php?rest_route=\/wp\/v2\/types\/product"}],"wp:featuredmedia":[{"embeddable":true,"href":"https:\/\/taranivanua.de\/index.php?rest_route=\/wp\/v2\/media\/781"}],"wp:attachment":[{"href":"https:\/\/taranivanua.de\/index.php?rest_route=%2Fwp%2Fv2%2Fmedia&parent=805"}],"wp:term":[{"taxonomy":"product_cat","embeddable":true,"href":"https:\/\/taranivanua.de\/index.php?rest_route=%2Fwp%2Fv2%2Fproduct_cat&post=805"},{"taxonomy":"product_tag","embeddable":true,"href":"https:\/\/taranivanua.de\/index.php?rest_route=%2Fwp%2Fv2%2Fproduct_tag&post=805"}],"curies":[{"name":"wp","href":"https:\/\/api.w.org\/{rel}","templated":true}]}}