{"id":760,"date":"2023-04-15T08:36:51","date_gmt":"2023-04-15T08:36:51","guid":{"rendered":"https:\/\/taranivanua.de\/?post_type=product&#038;p=760"},"modified":"2023-04-22T09:28:06","modified_gmt":"2023-04-22T09:28:06","slug":"rosenquarz-perlen-brosenquarz-halskette","status":"publish","type":"product","link":"https:\/\/taranivanua.de\/?product=rosenquarz-perlen-brosenquarz-halskette","title":{"rendered":"Rosenquarz-Perlen-BRosenquarz Halskette"},"content":{"rendered":"<p><strong>Material:<\/strong><\/p>\n<p>Edelsteine: Rosenquarz 10mm \/ S\u00fc\u00dfwasserperlen gelb 8mm, wei\u00df 8-10mm \/ Perlmut-Scheiben 1,5cm \/ Muschel von Fiji-Islands Korosea 2,5cm &#8211; 3,5cm<\/p>\n<p><strong>Umfang:<\/strong> ca. 72cm<\/p>\n<p><strong>L\u00e4nge mit Anh\u00e4nger: <\/strong>ca. 40cm<\/p>\n<p>Eine Halskette f\u00fcr deine Seele und Dein Herz-Gef\u00fchl. Alleine sie an zu blicken schenkt bereits Energie und Zuversicht. Deine Pr\u00e4senz und Deine Power erh\u00f6ht sich.<\/p>\n<p>Handmade in Fiji<\/p>\n","protected":false},"excerpt":{"rendered":"<p>Eine Halskette f\u00fcr deine Seele und Dein Herz-Gef\u00fchl. Alleine sie an zu blicken schenkt bereits Energie und Zuversicht. Deine Pr\u00e4senz und Deine Power erh\u00f6ht sich.<\/p>\n","protected":false},"featured_media":735,"template":"","meta":[],"product_cat":[45,41,48],"product_tag":[],"class_list":{"0":"post-760","1":"product","2":"type-product","3":"status-publish","4":"has-post-thumbnail","6":"product_cat-fashion-schmuck","7":"product_cat-mala-edelstein-halskette","8":"product_cat-suesswasserperlen-halskette-schmuck","10":"first","11":"instock","12":"sold-individually","13":"purchasable","14":"product-type-simple"},"jetpack_sharing_enabled":true,"_links":{"self":[{"href":"https:\/\/taranivanua.de\/index.php?rest_route=\/wp\/v2\/product\/760","targetHints":{"allow":["GET"]}}],"collection":[{"href":"https:\/\/taranivanua.de\/index.php?rest_route=\/wp\/v2\/product"}],"about":[{"href":"https:\/\/taranivanua.de\/index.php?rest_route=\/wp\/v2\/types\/product"}],"wp:featuredmedia":[{"embeddable":true,"href":"https:\/\/taranivanua.de\/index.php?rest_route=\/wp\/v2\/media\/735"}],"wp:attachment":[{"href":"https:\/\/taranivanua.de\/index.php?rest_route=%2Fwp%2Fv2%2Fmedia&parent=760"}],"wp:term":[{"taxonomy":"product_cat","embeddable":true,"href":"https:\/\/taranivanua.de\/index.php?rest_route=%2Fwp%2Fv2%2Fproduct_cat&post=760"},{"taxonomy":"product_tag","embeddable":true,"href":"https:\/\/taranivanua.de\/index.php?rest_route=%2Fwp%2Fv2%2Fproduct_tag&post=760"}],"curies":[{"name":"wp","href":"https:\/\/api.w.org\/{rel}","templated":true}]}}