{"id":758,"date":"2023-04-15T08:33:57","date_gmt":"2023-04-15T08:33:57","guid":{"rendered":"https:\/\/taranivanua.de\/?post_type=product&#038;p=758"},"modified":"2023-04-22T09:29:01","modified_gmt":"2023-04-22T09:29:01","slug":"korosea-muschel-jaspis-koralle-halskette","status":"publish","type":"product","link":"https:\/\/taranivanua.de\/?product=korosea-muschel-jaspis-koralle-halskette","title":{"rendered":"Korosea-Muschel Jaspis-Koralle Halskette"},"content":{"rendered":"<p><strong>Material:<\/strong><\/p>\n<p>Edelsteine: Jaspis 10mm; Tigerauge gold 6mm; Koralle 4mm \/ Muschel von Fiji-Lands Korosea ca. 2cm &#8211; 3cm<\/p>\n<p><strong>Umfang:<\/strong> ca. 64cm<\/p>\n<p><strong>L\u00e4nge mit Anh\u00e4nger: <\/strong>ca. 35cm<\/p>\n<p>Eine Halskette, die das Gem\u00fct beruhigt und Gelassenheit vermittelt. Koralle gilt als Friedenstein und f\u00f6rdert die Kreativit\u00e4t.<\/p>\n<p>Handmade in Fiji<\/p>\n","protected":false},"excerpt":{"rendered":"<p>Eine Halskette, die das Gem\u00fct beruhigt und Gelassenheit vermittelt. Koralle gilt als Friedenstein und f\u00f6rdert die Kreativit\u00e4t.<\/p>\n","protected":false},"featured_media":724,"template":"","meta":[],"product_cat":[45,41],"product_tag":[],"class_list":{"0":"post-758","1":"product","2":"type-product","3":"status-publish","4":"has-post-thumbnail","6":"product_cat-fashion-schmuck","7":"product_cat-mala-edelstein-halskette","9":"first","10":"instock","11":"sold-individually","12":"purchasable","13":"product-type-simple"},"jetpack_sharing_enabled":true,"_links":{"self":[{"href":"https:\/\/taranivanua.de\/index.php?rest_route=\/wp\/v2\/product\/758","targetHints":{"allow":["GET"]}}],"collection":[{"href":"https:\/\/taranivanua.de\/index.php?rest_route=\/wp\/v2\/product"}],"about":[{"href":"https:\/\/taranivanua.de\/index.php?rest_route=\/wp\/v2\/types\/product"}],"wp:featuredmedia":[{"embeddable":true,"href":"https:\/\/taranivanua.de\/index.php?rest_route=\/wp\/v2\/media\/724"}],"wp:attachment":[{"href":"https:\/\/taranivanua.de\/index.php?rest_route=%2Fwp%2Fv2%2Fmedia&parent=758"}],"wp:term":[{"taxonomy":"product_cat","embeddable":true,"href":"https:\/\/taranivanua.de\/index.php?rest_route=%2Fwp%2Fv2%2Fproduct_cat&post=758"},{"taxonomy":"product_tag","embeddable":true,"href":"https:\/\/taranivanua.de\/index.php?rest_route=%2Fwp%2Fv2%2Fproduct_tag&post=758"}],"curies":[{"name":"wp","href":"https:\/\/api.w.org\/{rel}","templated":true}]}}