{"id":757,"date":"2023-04-15T08:31:59","date_gmt":"2023-04-15T08:31:59","guid":{"rendered":"https:\/\/taranivanua.de\/?post_type=product&#038;p=757"},"modified":"2023-04-22T09:29:36","modified_gmt":"2023-04-22T09:29:36","slug":"tabua-muschel-jaspis-perlen-halskette","status":"publish","type":"product","link":"https:\/\/taranivanua.de\/?product=tabua-muschel-jaspis-perlen-halskette","title":{"rendered":"Tabua-Muschel Jaspis Perlen Halskette"},"content":{"rendered":"<p><strong>Material:<\/strong><\/p>\n<p>Edelsteine: Tree Jaspis 6mm, Landscape Jaspis 10mm\/ S\u00fc\u00dfwasserperlen Baroque rose 8-10mm, gold 8mm \/ Tabua-Muschel von Fiji-Islands Taveuni ca. 3cm &#8211; 5cm \/ mit Verschluss<\/p>\n<p><strong>Umfang:<\/strong> ca. 50cm<\/p>\n<p><strong>L\u00e4nge mit Anh\u00e4nger: <\/strong>ca. 27cm<\/p>\n<p>Sehr sch\u00f6ne Muschel von der Insel Taveuni. Die S\u00fc\u00dfwasserperlen kommen aus der Pazifikregion. Das helle Braun der Jaspis-Steine harmoniert perfekt mit dem Farbenspiel der Muschel.<\/p>\n<p>Handmade in Fiji<\/p>\n","protected":false},"excerpt":{"rendered":"<p>Eine sehr m\u00e4chtige Halskette, die gr\u00f6\u00dfere indische Rudraksha Perlen und blauen Lapislazuli mit den Perlen und Muscheln der S\u00fcdsee verbindet. Die Kauri-Muschel stammt von einer besonderen, abgelegenen Insel im Fiji-Atoll.<\/p>\n","protected":false},"featured_media":718,"template":"","meta":[],"product_cat":[45,41,48],"product_tag":[],"class_list":{"0":"post-757","1":"product","2":"type-product","3":"status-publish","4":"has-post-thumbnail","6":"product_cat-fashion-schmuck","7":"product_cat-mala-edelstein-halskette","8":"product_cat-suesswasserperlen-halskette-schmuck","10":"first","11":"instock","12":"sold-individually","13":"purchasable","14":"product-type-simple"},"jetpack_sharing_enabled":true,"_links":{"self":[{"href":"https:\/\/taranivanua.de\/index.php?rest_route=\/wp\/v2\/product\/757","targetHints":{"allow":["GET"]}}],"collection":[{"href":"https:\/\/taranivanua.de\/index.php?rest_route=\/wp\/v2\/product"}],"about":[{"href":"https:\/\/taranivanua.de\/index.php?rest_route=\/wp\/v2\/types\/product"}],"wp:featuredmedia":[{"embeddable":true,"href":"https:\/\/taranivanua.de\/index.php?rest_route=\/wp\/v2\/media\/718"}],"wp:attachment":[{"href":"https:\/\/taranivanua.de\/index.php?rest_route=%2Fwp%2Fv2%2Fmedia&parent=757"}],"wp:term":[{"taxonomy":"product_cat","embeddable":true,"href":"https:\/\/taranivanua.de\/index.php?rest_route=%2Fwp%2Fv2%2Fproduct_cat&post=757"},{"taxonomy":"product_tag","embeddable":true,"href":"https:\/\/taranivanua.de\/index.php?rest_route=%2Fwp%2Fv2%2Fproduct_tag&post=757"}],"curies":[{"name":"wp","href":"https:\/\/api.w.org\/{rel}","templated":true}]}}