{"id":756,"date":"2023-04-15T08:30:27","date_gmt":"2023-04-15T08:30:27","guid":{"rendered":"https:\/\/taranivanua.de\/?post_type=product&#038;p=756"},"modified":"2023-04-22T09:30:07","modified_gmt":"2023-04-22T09:30:07","slug":"tabua-muschel-perlen-halskette","status":"publish","type":"product","link":"https:\/\/taranivanua.de\/?product=tabua-muschel-perlen-halskette","title":{"rendered":"Tabua-Muschel-Perlen Halskette"},"content":{"rendered":"<p><strong>Material:<\/strong><\/p>\n<p>Edelsteine: Tree Jaspis 6mm, Tigerauge gold 6mm\/ S\u00fc\u00dfwasserperlen wei\u00df 1a Qualit\u00e4t 6-8mm \/ Tabua-Muschel von Fiji-Islands Taveuni ca. 3cm &#8211; 5,5cm<\/p>\n<p><strong>Umfang:<\/strong> ca. 65cm<\/p>\n<p><strong>L\u00e4nge mit Anh\u00e4nger: <\/strong>ca. 34cm<\/p>\n<p>Sehr sch\u00f6ne, m\u00e4chtige Muschel von der Insel Taveuni. Die S\u00fc\u00dfwasserperlen kommen aus der Pazifikregion. Das helle Braun der Jaspis-Steine harmoniert perfekt mit dem Farbenspiel der Muschel.<\/p>\n<p>Handmade in Fiji<\/p>\n","protected":false},"excerpt":{"rendered":"<p>Sehr sch\u00f6ne, m\u00e4chtige Muschel von der Insel Taveuni. Die S\u00fc\u00dfwasserperlen kommen aus der Pazifikregion. Das helle Braun der Jaspis-Steine harmoniert perfekt mit dem Farbenspiel der Muschel.<\/p>\n","protected":false},"featured_media":717,"template":"","meta":[],"product_cat":[45,41,48],"product_tag":[],"class_list":{"0":"post-756","1":"product","2":"type-product","3":"status-publish","4":"has-post-thumbnail","6":"product_cat-fashion-schmuck","7":"product_cat-mala-edelstein-halskette","8":"product_cat-suesswasserperlen-halskette-schmuck","10":"first","11":"instock","12":"sold-individually","13":"purchasable","14":"product-type-simple"},"jetpack_sharing_enabled":true,"_links":{"self":[{"href":"https:\/\/taranivanua.de\/index.php?rest_route=\/wp\/v2\/product\/756","targetHints":{"allow":["GET"]}}],"collection":[{"href":"https:\/\/taranivanua.de\/index.php?rest_route=\/wp\/v2\/product"}],"about":[{"href":"https:\/\/taranivanua.de\/index.php?rest_route=\/wp\/v2\/types\/product"}],"wp:featuredmedia":[{"embeddable":true,"href":"https:\/\/taranivanua.de\/index.php?rest_route=\/wp\/v2\/media\/717"}],"wp:attachment":[{"href":"https:\/\/taranivanua.de\/index.php?rest_route=%2Fwp%2Fv2%2Fmedia&parent=756"}],"wp:term":[{"taxonomy":"product_cat","embeddable":true,"href":"https:\/\/taranivanua.de\/index.php?rest_route=%2Fwp%2Fv2%2Fproduct_cat&post=756"},{"taxonomy":"product_tag","embeddable":true,"href":"https:\/\/taranivanua.de\/index.php?rest_route=%2Fwp%2Fv2%2Fproduct_tag&post=756"}],"curies":[{"name":"wp","href":"https:\/\/api.w.org\/{rel}","templated":true}]}}