{"id":755,"date":"2023-04-15T08:28:38","date_gmt":"2023-04-15T08:28:38","guid":{"rendered":"https:\/\/taranivanua.de\/?post_type=product&#038;p=755"},"modified":"2023-04-22T09:30:39","modified_gmt":"2023-04-22T09:30:39","slug":"raw-amber-bernstein-halskette","status":"publish","type":"product","link":"https:\/\/taranivanua.de\/?product=raw-amber-bernstein-halskette","title":{"rendered":"Raw- Amber (Bernstein) Halskette"},"content":{"rendered":"<p><strong>Material:<\/strong><\/p>\n<p>Edelsteine: Sardonyx 10mm; Achat orange 4mm; Koralle 3mm; Anh\u00e4nger Bernstein-roh ca. 3,5-4,5cm \/ mit verschluss<\/p>\n<p><strong>Umfang:<\/strong> ca. 52cm<\/p>\n<p><strong>L\u00e4nge mit Anh\u00e4nger: <\/strong>ca. 30cm<\/p>\n<p>Eine einzigartiges Bernstein-Exemplar, die deine Sensibilit\u00e4t sch\u00fctzt welches der Sardonyx repr\u00e4sentiert. Das leuchtende Rot der Steine bringt Freude und Optimismus in Dein Leben.<\/p>\n<p>Handmade in Fiji<\/p>\n","protected":false},"excerpt":{"rendered":"<p>Eine einzigartiges Bernstein-Exemplar, die deine Sensibilit\u00e4t sch\u00fctzt welches der Sardonyx repr\u00e4sentiert. Das leuchtende Rot der Steine bringt Freude und Optimismus in Dein Leben.<\/p>\n","protected":false},"featured_media":710,"template":"","meta":[],"product_cat":[45,41],"product_tag":[],"class_list":{"0":"post-755","1":"product","2":"type-product","3":"status-publish","4":"has-post-thumbnail","6":"product_cat-fashion-schmuck","7":"product_cat-mala-edelstein-halskette","9":"first","10":"instock","11":"sold-individually","12":"purchasable","13":"product-type-simple"},"jetpack_sharing_enabled":true,"_links":{"self":[{"href":"https:\/\/taranivanua.de\/index.php?rest_route=\/wp\/v2\/product\/755","targetHints":{"allow":["GET"]}}],"collection":[{"href":"https:\/\/taranivanua.de\/index.php?rest_route=\/wp\/v2\/product"}],"about":[{"href":"https:\/\/taranivanua.de\/index.php?rest_route=\/wp\/v2\/types\/product"}],"wp:featuredmedia":[{"embeddable":true,"href":"https:\/\/taranivanua.de\/index.php?rest_route=\/wp\/v2\/media\/710"}],"wp:attachment":[{"href":"https:\/\/taranivanua.de\/index.php?rest_route=%2Fwp%2Fv2%2Fmedia&parent=755"}],"wp:term":[{"taxonomy":"product_cat","embeddable":true,"href":"https:\/\/taranivanua.de\/index.php?rest_route=%2Fwp%2Fv2%2Fproduct_cat&post=755"},{"taxonomy":"product_tag","embeddable":true,"href":"https:\/\/taranivanua.de\/index.php?rest_route=%2Fwp%2Fv2%2Fproduct_tag&post=755"}],"curies":[{"name":"wp","href":"https:\/\/api.w.org\/{rel}","templated":true}]}}