{"id":754,"date":"2023-04-15T07:45:05","date_gmt":"2023-04-15T07:45:05","guid":{"rendered":"https:\/\/taranivanua.de\/?post_type=product&#038;p=754"},"modified":"2023-04-22T10:27:26","modified_gmt":"2023-04-22T10:27:26","slug":"korosea-muschel-perlen-perlmut-halskette","status":"publish","type":"product","link":"https:\/\/taranivanua.de\/?product=korosea-muschel-perlen-perlmut-halskette","title":{"rendered":"Korosea-Muschel-Perlen-Perlmut Halskette"},"content":{"rendered":"<p><strong>Material:<\/strong><\/p>\n<p>Edelsteine: Blauer Achat 10mm, Selenith 12mm \/ S\u00fc\u00dfwasserperlen wei\u00df, khaki, gelb, lila 8mm \/ Muschel von Fiji-Islands Taveuni ca. 3cm &#8211; 4,5cm<\/p>\n<p><strong>Umfang:<\/strong> ca. 68cm<\/p>\n<p><strong>L\u00e4nge mit Anh\u00e4nger: <\/strong>ca. 40cm<\/p>\n<p>Eine einziger S\u00fcdsee-Traum, als w\u00fcrde einem das Leben des Pazifiks in all seinen Farben und Formen um den Hals gelegt. Ein echter Genu\u00df.<\/p>\n<p>Handmade in Fiji<\/p>\n","protected":false},"excerpt":{"rendered":"<p>Eine einziger S\u00fcdsee-Traum, als w\u00fcrde einem das Leben des Pazifiks in all seinen Farben und Formen um den Hals gelegt.<\/p>\n","protected":false},"featured_media":707,"template":"","meta":[],"product_cat":[45,41,48],"product_tag":[],"class_list":{"0":"post-754","1":"product","2":"type-product","3":"status-publish","4":"has-post-thumbnail","6":"product_cat-fashion-schmuck","7":"product_cat-mala-edelstein-halskette","8":"product_cat-suesswasserperlen-halskette-schmuck","10":"first","11":"instock","12":"sold-individually","13":"purchasable","14":"product-type-simple"},"jetpack_sharing_enabled":true,"_links":{"self":[{"href":"https:\/\/taranivanua.de\/index.php?rest_route=\/wp\/v2\/product\/754","targetHints":{"allow":["GET"]}}],"collection":[{"href":"https:\/\/taranivanua.de\/index.php?rest_route=\/wp\/v2\/product"}],"about":[{"href":"https:\/\/taranivanua.de\/index.php?rest_route=\/wp\/v2\/types\/product"}],"wp:featuredmedia":[{"embeddable":true,"href":"https:\/\/taranivanua.de\/index.php?rest_route=\/wp\/v2\/media\/707"}],"wp:attachment":[{"href":"https:\/\/taranivanua.de\/index.php?rest_route=%2Fwp%2Fv2%2Fmedia&parent=754"}],"wp:term":[{"taxonomy":"product_cat","embeddable":true,"href":"https:\/\/taranivanua.de\/index.php?rest_route=%2Fwp%2Fv2%2Fproduct_cat&post=754"},{"taxonomy":"product_tag","embeddable":true,"href":"https:\/\/taranivanua.de\/index.php?rest_route=%2Fwp%2Fv2%2Fproduct_tag&post=754"}],"curies":[{"name":"wp","href":"https:\/\/api.w.org\/{rel}","templated":true}]}}