{"id":753,"date":"2023-04-15T07:42:55","date_gmt":"2023-04-15T07:42:55","guid":{"rendered":"https:\/\/taranivanua.de\/?post_type=product&#038;p=753"},"modified":"2023-04-22T10:29:22","modified_gmt":"2023-04-22T10:29:22","slug":"delphin-jade-lapis-halskette","status":"publish","type":"product","link":"https:\/\/taranivanua.de\/?product=delphin-jade-lapis-halskette","title":{"rendered":"Delphin-Jade-Lapis Halskette"},"content":{"rendered":"<p><strong>Material:<\/strong><\/p>\n<p>Edelsteine: Lapsilazuli 8mm; Jasper 10mm; Howlith wei\u00df 4mm; Jade lila 12mm \/Delphin-Anh\u00e4nger: gr\u00fcner Jadestein 4,5cm &#8211; 6cm<\/p>\n<p><strong>Umfang:<\/strong> ca. 55cm<\/p>\n<p><strong>L\u00e4nge mit Anh\u00e4nger: <\/strong>ca. 35cm<\/p>\n<p>Ein springender Delphin mit einem kleinen Delphin-Kind aus gr\u00fcnem Jadestein. Blauer Lapislazuli repr\u00e4sentiert das Meer und den klaren, reinen Geist. Augen schlie\u00dfen und Tr\u00e4umen von purer Sch\u00f6nheit und Gelassenheit.<\/p>\n<p>Handmade in Fiji<\/p>\n","protected":false},"excerpt":{"rendered":"<p>Ein springender Delphin mit einem kleinen Delphin-Kind aus gr\u00fcnem Jadestein. Blauer Lapislazuli repr\u00e4sentiert das Meer und den klaren, reinen Geist.<\/p>\n","protected":false},"featured_media":703,"template":"","meta":[],"product_cat":[45,41],"product_tag":[],"class_list":{"0":"post-753","1":"product","2":"type-product","3":"status-publish","4":"has-post-thumbnail","6":"product_cat-fashion-schmuck","7":"product_cat-mala-edelstein-halskette","9":"first","10":"instock","11":"sold-individually","12":"purchasable","13":"product-type-simple"},"jetpack_sharing_enabled":true,"_links":{"self":[{"href":"https:\/\/taranivanua.de\/index.php?rest_route=\/wp\/v2\/product\/753","targetHints":{"allow":["GET"]}}],"collection":[{"href":"https:\/\/taranivanua.de\/index.php?rest_route=\/wp\/v2\/product"}],"about":[{"href":"https:\/\/taranivanua.de\/index.php?rest_route=\/wp\/v2\/types\/product"}],"wp:featuredmedia":[{"embeddable":true,"href":"https:\/\/taranivanua.de\/index.php?rest_route=\/wp\/v2\/media\/703"}],"wp:attachment":[{"href":"https:\/\/taranivanua.de\/index.php?rest_route=%2Fwp%2Fv2%2Fmedia&parent=753"}],"wp:term":[{"taxonomy":"product_cat","embeddable":true,"href":"https:\/\/taranivanua.de\/index.php?rest_route=%2Fwp%2Fv2%2Fproduct_cat&post=753"},{"taxonomy":"product_tag","embeddable":true,"href":"https:\/\/taranivanua.de\/index.php?rest_route=%2Fwp%2Fv2%2Fproduct_tag&post=753"}],"curies":[{"name":"wp","href":"https:\/\/api.w.org\/{rel}","templated":true}]}}