{"id":752,"date":"2023-04-15T07:41:18","date_gmt":"2023-04-15T07:41:18","guid":{"rendered":"https:\/\/taranivanua.de\/?post_type=product&#038;p=752"},"modified":"2023-04-22T10:29:51","modified_gmt":"2023-04-22T10:29:51","slug":"korosea-muschel-perlen-halskette","status":"publish","type":"product","link":"https:\/\/taranivanua.de\/?product=korosea-muschel-perlen-halskette","title":{"rendered":"Korosea-Muschel-Perlen Halskette"},"content":{"rendered":"<p><strong>Material:<\/strong><\/p>\n<p>Edelsteine: Tigerauge blau 10mm \/ S\u00fc\u00dfwasserperlen schwarz 14mm; gold und lila 8mm \/ Muschel von Fiji-Islands 3,5cm &#8211; 5,5cm \/ Tibetan Silver<\/p>\n<p><strong>Umfang:<\/strong> ca. 62cm<\/p>\n<p><strong>L\u00e4nge mit Anh\u00e4nger: <\/strong>ca. 40cm<\/p>\n<p>Eine edle Perlen-funkelndene Muschel-Halskette mit dem schimmernden Blau des Tigerauges und einer gro\u00dfen schwarzen Perle als Master Bead. Ein einmaliges Schmuckst\u00fcck f\u00fcr Gef\u00fchl und Intuition.<\/p>\n<p>Handmade in Fiji<\/p>\n","protected":false},"excerpt":{"rendered":"<p>Eine edle Perlen-funkelndene Muschel-Halskette mit dem schimmernden Blau des Tigerauges und einer gro\u00dfen schwarzen Perle als Master Bead.<\/p>\n","protected":false},"featured_media":699,"template":"","meta":[],"product_cat":[45,48],"product_tag":[],"class_list":{"0":"post-752","1":"product","2":"type-product","3":"status-publish","4":"has-post-thumbnail","6":"product_cat-fashion-schmuck","7":"product_cat-suesswasserperlen-halskette-schmuck","9":"first","10":"instock","11":"sold-individually","12":"purchasable","13":"product-type-simple"},"jetpack_sharing_enabled":true,"_links":{"self":[{"href":"https:\/\/taranivanua.de\/index.php?rest_route=\/wp\/v2\/product\/752","targetHints":{"allow":["GET"]}}],"collection":[{"href":"https:\/\/taranivanua.de\/index.php?rest_route=\/wp\/v2\/product"}],"about":[{"href":"https:\/\/taranivanua.de\/index.php?rest_route=\/wp\/v2\/types\/product"}],"wp:featuredmedia":[{"embeddable":true,"href":"https:\/\/taranivanua.de\/index.php?rest_route=\/wp\/v2\/media\/699"}],"wp:attachment":[{"href":"https:\/\/taranivanua.de\/index.php?rest_route=%2Fwp%2Fv2%2Fmedia&parent=752"}],"wp:term":[{"taxonomy":"product_cat","embeddable":true,"href":"https:\/\/taranivanua.de\/index.php?rest_route=%2Fwp%2Fv2%2Fproduct_cat&post=752"},{"taxonomy":"product_tag","embeddable":true,"href":"https:\/\/taranivanua.de\/index.php?rest_route=%2Fwp%2Fv2%2Fproduct_tag&post=752"}],"curies":[{"name":"wp","href":"https:\/\/api.w.org\/{rel}","templated":true}]}}