{"id":688,"date":"2023-04-14T05:46:59","date_gmt":"2023-04-14T05:46:59","guid":{"rendered":"https:\/\/taranivanua.de\/?post_type=product&#038;p=688"},"modified":"2023-04-22T10:33:11","modified_gmt":"2023-04-22T10:33:11","slug":"haematit-howlith-armband","status":"publish","type":"product","link":"https:\/\/taranivanua.de\/?product=haematit-howlith-armband","title":{"rendered":"H\u00e4matit-Howlith Armband"},"content":{"rendered":"<p><strong>Material:<\/strong><\/p>\n<p>Edelsteine: H\u00e4matit 10mm, Howlith 10mm \/ Rudrak 4mm<\/p>\n<p><strong>Umfang:<\/strong> ca. 17cm<\/p>\n<p>Das Spiel von silbern-gl\u00e4nzendem H\u00e4matit f\u00fcr Mut und das Weiss des Howlith, der diese Kraft erdet.<\/p>\n<p>Handmade in Fiji<\/p>\n","protected":false},"excerpt":{"rendered":"<p>Das Spiel von silbern-gl\u00e4nzendem H\u00e4matit f\u00fcr Mut und das Weiss des Howlith, der diese Kraft erdet.<\/p>\n","protected":false},"featured_media":664,"template":"","meta":[],"product_cat":[45,42],"product_tag":[],"class_list":{"0":"post-688","1":"product","2":"type-product","3":"status-publish","4":"has-post-thumbnail","6":"product_cat-fashion-schmuck","7":"product_cat-mala-edelstein-armband","9":"first","10":"instock","11":"sold-individually","12":"purchasable","13":"product-type-simple"},"jetpack_sharing_enabled":true,"_links":{"self":[{"href":"https:\/\/taranivanua.de\/index.php?rest_route=\/wp\/v2\/product\/688","targetHints":{"allow":["GET"]}}],"collection":[{"href":"https:\/\/taranivanua.de\/index.php?rest_route=\/wp\/v2\/product"}],"about":[{"href":"https:\/\/taranivanua.de\/index.php?rest_route=\/wp\/v2\/types\/product"}],"wp:featuredmedia":[{"embeddable":true,"href":"https:\/\/taranivanua.de\/index.php?rest_route=\/wp\/v2\/media\/664"}],"wp:attachment":[{"href":"https:\/\/taranivanua.de\/index.php?rest_route=%2Fwp%2Fv2%2Fmedia&parent=688"}],"wp:term":[{"taxonomy":"product_cat","embeddable":true,"href":"https:\/\/taranivanua.de\/index.php?rest_route=%2Fwp%2Fv2%2Fproduct_cat&post=688"},{"taxonomy":"product_tag","embeddable":true,"href":"https:\/\/taranivanua.de\/index.php?rest_route=%2Fwp%2Fv2%2Fproduct_tag&post=688"}],"curies":[{"name":"wp","href":"https:\/\/api.w.org\/{rel}","templated":true}]}}