{"id":674,"date":"2023-04-12T12:52:41","date_gmt":"2023-04-12T12:52:41","guid":{"rendered":"https:\/\/taranivanua.de\/?post_type=product&#038;p=674"},"modified":"2023-04-22T10:39:57","modified_gmt":"2023-04-22T10:39:57","slug":"malachit-armband","status":"publish","type":"product","link":"https:\/\/taranivanua.de\/?product=malachit-armband","title":{"rendered":"Malachit Armband"},"content":{"rendered":"<p><strong>Material:<\/strong><\/p>\n<p>Edelsteine: Malachit 10mm<\/p>\n<p><strong>Umfang:<\/strong> ca. 19cm<\/p>\n<p>Deine Phantasie und Kreativit\u00e4t wird durch den Malachit gest\u00e4rkt und gef\u00f6rdert.<\/p>\n<p>Handmade in Fiji<\/p>\n","protected":false},"excerpt":{"rendered":"<p>Deine Phantasie und Kreativit\u00e4t wird durch den Malachit gest\u00e4rkt und gef\u00f6rdert.<\/p>\n","protected":false},"featured_media":641,"template":"","meta":[],"product_cat":[42],"product_tag":[],"class_list":{"0":"post-674","1":"product","2":"type-product","3":"status-publish","4":"has-post-thumbnail","6":"product_cat-mala-edelstein-armband","8":"first","9":"instock","10":"sold-individually","11":"purchasable","12":"product-type-simple"},"jetpack_sharing_enabled":true,"_links":{"self":[{"href":"https:\/\/taranivanua.de\/index.php?rest_route=\/wp\/v2\/product\/674","targetHints":{"allow":["GET"]}}],"collection":[{"href":"https:\/\/taranivanua.de\/index.php?rest_route=\/wp\/v2\/product"}],"about":[{"href":"https:\/\/taranivanua.de\/index.php?rest_route=\/wp\/v2\/types\/product"}],"wp:featuredmedia":[{"embeddable":true,"href":"https:\/\/taranivanua.de\/index.php?rest_route=\/wp\/v2\/media\/641"}],"wp:attachment":[{"href":"https:\/\/taranivanua.de\/index.php?rest_route=%2Fwp%2Fv2%2Fmedia&parent=674"}],"wp:term":[{"taxonomy":"product_cat","embeddable":true,"href":"https:\/\/taranivanua.de\/index.php?rest_route=%2Fwp%2Fv2%2Fproduct_cat&post=674"},{"taxonomy":"product_tag","embeddable":true,"href":"https:\/\/taranivanua.de\/index.php?rest_route=%2Fwp%2Fv2%2Fproduct_tag&post=674"}],"curies":[{"name":"wp","href":"https:\/\/api.w.org\/{rel}","templated":true}]}}