{"id":671,"date":"2023-04-12T12:47:27","date_gmt":"2023-04-12T12:47:27","guid":{"rendered":"https:\/\/taranivanua.de\/?post_type=product&#038;p=671"},"modified":"2023-04-22T10:41:26","modified_gmt":"2023-04-22T10:41:26","slug":"jade-green-armband","status":"publish","type":"product","link":"https:\/\/taranivanua.de\/?product=jade-green-armband","title":{"rendered":"Jade Green Armband"},"content":{"rendered":"<p><strong>Material:<\/strong><\/p>\n<p>Edelsteine: Gr\u00fcner Jadestein 10mm<\/p>\n<p><strong>Umfang:<\/strong> ca. 18cm<\/p>\n<p>Der Jadestein wird seit uralten Zeiten gesch\u00e4tzt als Zeichen f\u00fcr Gl\u00fcck und f\u00fcr Langlebigkeit. Er tr\u00e4gt zu Deiner inneren Balance bei.<\/p>\n<p>Handmade in Fiji<\/p>\n","protected":false},"excerpt":{"rendered":"<p>Der Jadestein wird seit uralten Zeiten gesch\u00e4tzt als Zeichen f\u00fcr Gl\u00fcck und f\u00fcr Langlebigkeit. Er tr\u00e4gt zu Deiner inneren Balance bei.<\/p>\n","protected":false},"featured_media":635,"template":"","meta":[],"product_cat":[42],"product_tag":[],"class_list":{"0":"post-671","1":"product","2":"type-product","3":"status-publish","4":"has-post-thumbnail","6":"product_cat-mala-edelstein-armband","8":"first","9":"instock","10":"sold-individually","11":"purchasable","12":"product-type-simple"},"jetpack_sharing_enabled":true,"_links":{"self":[{"href":"https:\/\/taranivanua.de\/index.php?rest_route=\/wp\/v2\/product\/671","targetHints":{"allow":["GET"]}}],"collection":[{"href":"https:\/\/taranivanua.de\/index.php?rest_route=\/wp\/v2\/product"}],"about":[{"href":"https:\/\/taranivanua.de\/index.php?rest_route=\/wp\/v2\/types\/product"}],"wp:featuredmedia":[{"embeddable":true,"href":"https:\/\/taranivanua.de\/index.php?rest_route=\/wp\/v2\/media\/635"}],"wp:attachment":[{"href":"https:\/\/taranivanua.de\/index.php?rest_route=%2Fwp%2Fv2%2Fmedia&parent=671"}],"wp:term":[{"taxonomy":"product_cat","embeddable":true,"href":"https:\/\/taranivanua.de\/index.php?rest_route=%2Fwp%2Fv2%2Fproduct_cat&post=671"},{"taxonomy":"product_tag","embeddable":true,"href":"https:\/\/taranivanua.de\/index.php?rest_route=%2Fwp%2Fv2%2Fproduct_tag&post=671"}],"curies":[{"name":"wp","href":"https:\/\/api.w.org\/{rel}","templated":true}]}}