{"id":598,"date":"2023-04-06T09:57:39","date_gmt":"2023-04-06T09:57:39","guid":{"rendered":"https:\/\/taranivanua.de\/?post_type=product&#038;p=598"},"modified":"2023-04-22T10:07:53","modified_gmt":"2023-04-22T10:07:53","slug":"ganesha-rudrak-bergkristall-mala","status":"publish","type":"product","link":"https:\/\/taranivanua.de\/?product=ganesha-rudrak-bergkristall-mala","title":{"rendered":"Ganesha-Rudrak-Bergkristall Mala"},"content":{"rendered":"<p><strong>Material:<\/strong><\/p>\n<p>Edelsteine: Bergkristall 6mm; roter Jasper 4mm \/ Master Bead Sardonyx 10mm \/ Rudraksha Beads schwarz (Indien) 7mm \/ Ganesha Voll-Metall \/\u00a0 mit Verschlu\u00df (72 Perlen)<\/p>\n<p><strong>Umfang:<\/strong> ca. 48cm<\/p>\n<p><strong>L\u00e4nge mit Anh\u00e4nger: <\/strong>ca. 27cm \/ Anh\u00e4nger-Ganesha: 1,5 -2,5cm<\/p>\n<p>Eine sakrale Halskette aus schwarzen Rudraks und dem funkelnden Bergkristall. Ganesha steht f\u00fcr Erfolg und der Beseitigung von Hindernissen. Der rot-marmoriete Sardonyx unterst\u00fctzt Deine Sensibilit\u00e4t.<\/p>\n<p>Handmade in Fiji<\/p>\n","protected":false},"excerpt":{"rendered":"<p>Eine sakrale Halskette aus schwarzen Rudraks und dem funkelnden Bergkristall. Ganesha steht f\u00fcr Erfolg und der Beseitigung von Hindernissen. Der rot-marmoriete Sardonyx unterst\u00fctzt Deine Sensibilit\u00e4t.<\/p>\n","protected":false},"featured_media":551,"template":"","meta":[],"product_cat":[41,39],"product_tag":[],"class_list":{"0":"post-598","1":"product","2":"type-product","3":"status-publish","4":"has-post-thumbnail","6":"product_cat-mala-edelstein-halskette","7":"product_cat-mala-rudraksha-halskette","9":"first","10":"instock","11":"sold-individually","12":"purchasable","13":"product-type-simple"},"jetpack_sharing_enabled":true,"_links":{"self":[{"href":"https:\/\/taranivanua.de\/index.php?rest_route=\/wp\/v2\/product\/598","targetHints":{"allow":["GET"]}}],"collection":[{"href":"https:\/\/taranivanua.de\/index.php?rest_route=\/wp\/v2\/product"}],"about":[{"href":"https:\/\/taranivanua.de\/index.php?rest_route=\/wp\/v2\/types\/product"}],"wp:featuredmedia":[{"embeddable":true,"href":"https:\/\/taranivanua.de\/index.php?rest_route=\/wp\/v2\/media\/551"}],"wp:attachment":[{"href":"https:\/\/taranivanua.de\/index.php?rest_route=%2Fwp%2Fv2%2Fmedia&parent=598"}],"wp:term":[{"taxonomy":"product_cat","embeddable":true,"href":"https:\/\/taranivanua.de\/index.php?rest_route=%2Fwp%2Fv2%2Fproduct_cat&post=598"},{"taxonomy":"product_tag","embeddable":true,"href":"https:\/\/taranivanua.de\/index.php?rest_route=%2Fwp%2Fv2%2Fproduct_tag&post=598"}],"curies":[{"name":"wp","href":"https:\/\/api.w.org\/{rel}","templated":true}]}}