{"id":547,"date":"2023-04-06T09:26:46","date_gmt":"2023-04-06T09:26:46","guid":{"rendered":"https:\/\/taranivanua.de\/?post_type=product&#038;p=547"},"modified":"2023-04-22T10:10:20","modified_gmt":"2023-04-22T10:10:20","slug":"turmalin-malachit-armband","status":"publish","type":"product","link":"https:\/\/taranivanua.de\/?product=turmalin-malachit-armband","title":{"rendered":"Turmalin-Malachit Armband"},"content":{"rendered":"<p><strong>Material:<\/strong><\/p>\n<p>Edelsteine: Malachit 10mm; Turmalin 10mm, 12mm \/ Tibetan Silver<\/p>\n<p><strong>Umfang:<\/strong> ca. 19cm<\/p>\n<p>Malachit steht f\u00fcr Freude und Kreativit\u00e4t, Turmalin schafft den gesch\u00fctzten Raum um sich zu entfalten.<\/p>\n<p>Handmade in Fiji<\/p>\n","protected":false},"excerpt":{"rendered":"<p>Malachit steht f\u00fcr Freude und Kreativit\u00e4t, Turmalin schafft den gesch\u00fctzten Raum um sich zu entfalten.<\/p>\n","protected":false},"featured_media":521,"template":"","meta":[],"product_cat":[45,42],"product_tag":[],"class_list":{"0":"post-547","1":"product","2":"type-product","3":"status-publish","4":"has-post-thumbnail","6":"product_cat-fashion-schmuck","7":"product_cat-mala-edelstein-armband","9":"first","10":"instock","11":"sold-individually","12":"purchasable","13":"product-type-simple"},"jetpack_sharing_enabled":true,"_links":{"self":[{"href":"https:\/\/taranivanua.de\/index.php?rest_route=\/wp\/v2\/product\/547","targetHints":{"allow":["GET"]}}],"collection":[{"href":"https:\/\/taranivanua.de\/index.php?rest_route=\/wp\/v2\/product"}],"about":[{"href":"https:\/\/taranivanua.de\/index.php?rest_route=\/wp\/v2\/types\/product"}],"wp:featuredmedia":[{"embeddable":true,"href":"https:\/\/taranivanua.de\/index.php?rest_route=\/wp\/v2\/media\/521"}],"wp:attachment":[{"href":"https:\/\/taranivanua.de\/index.php?rest_route=%2Fwp%2Fv2%2Fmedia&parent=547"}],"wp:term":[{"taxonomy":"product_cat","embeddable":true,"href":"https:\/\/taranivanua.de\/index.php?rest_route=%2Fwp%2Fv2%2Fproduct_cat&post=547"},{"taxonomy":"product_tag","embeddable":true,"href":"https:\/\/taranivanua.de\/index.php?rest_route=%2Fwp%2Fv2%2Fproduct_tag&post=547"}],"curies":[{"name":"wp","href":"https:\/\/api.w.org\/{rel}","templated":true}]}}