{"id":504,"date":"2023-04-03T13:39:02","date_gmt":"2023-04-03T13:39:02","guid":{"rendered":"https:\/\/taranivanua.de\/?post_type=product&#038;p=504"},"modified":"2023-04-22T10:15:30","modified_gmt":"2023-04-22T10:15:30","slug":"suedseeperlen-halskette","status":"publish","type":"product","link":"https:\/\/taranivanua.de\/?product=suedseeperlen-halskette","title":{"rendered":"S\u00fcdseeperlen Halskette"},"content":{"rendered":"<p><strong>Material:<\/strong><\/p>\n<p>Grau-gold schimmernde Salzwasser-S\u00fcdseeperle \/ S\u00fc\u00dfwasserperlen weiss, gold, grau 3-4mm \/ Verschlu\u00df<\/p>\n<p><strong>Umfang:<\/strong> ca. 42cm<\/p>\n<p>Eine Salzwasser-S\u00fcdseeperle, die aus einer Perlenfarm aus Fiji stammt von der Insel VanuaLevu, wo seit \u00fcber 20 Jahren S\u00fcdseeperlen im Meer gez\u00fcchtet werde. Die Perlen gelten als sehr wertvoll mit einem durchdringenden Glanz. Ein seltens\u00a0 Schmuckst\u00fcck!<\/p>\n<p>Handmade in Fiji<\/p>\n","protected":false},"excerpt":{"rendered":"<p>Eine Salzwasser-S\u00fcdseeperle, die aus einer Perlenfarm aus Fiji stammt von der Insel VanuaLevu, wo seit \u00fcber 20 Jahren S\u00fcdseeperlen im Meer gez\u00fcchtet werde. Die Perlen gelten als sehr wertvoll mit einem durchdringenden Glanz.<\/p>\n","protected":false},"featured_media":454,"template":"","meta":[],"product_cat":[50,48],"product_tag":[],"class_list":{"0":"post-504","1":"product","2":"type-product","3":"status-publish","4":"has-post-thumbnail","6":"product_cat-suedseeperlen-halskette","7":"product_cat-suesswasserperlen-halskette-schmuck","9":"first","10":"instock","11":"sold-individually","12":"purchasable","13":"product-type-simple"},"jetpack_sharing_enabled":true,"_links":{"self":[{"href":"https:\/\/taranivanua.de\/index.php?rest_route=\/wp\/v2\/product\/504","targetHints":{"allow":["GET"]}}],"collection":[{"href":"https:\/\/taranivanua.de\/index.php?rest_route=\/wp\/v2\/product"}],"about":[{"href":"https:\/\/taranivanua.de\/index.php?rest_route=\/wp\/v2\/types\/product"}],"wp:featuredmedia":[{"embeddable":true,"href":"https:\/\/taranivanua.de\/index.php?rest_route=\/wp\/v2\/media\/454"}],"wp:attachment":[{"href":"https:\/\/taranivanua.de\/index.php?rest_route=%2Fwp%2Fv2%2Fmedia&parent=504"}],"wp:term":[{"taxonomy":"product_cat","embeddable":true,"href":"https:\/\/taranivanua.de\/index.php?rest_route=%2Fwp%2Fv2%2Fproduct_cat&post=504"},{"taxonomy":"product_tag","embeddable":true,"href":"https:\/\/taranivanua.de\/index.php?rest_route=%2Fwp%2Fv2%2Fproduct_tag&post=504"}],"curies":[{"name":"wp","href":"https:\/\/api.w.org\/{rel}","templated":true}]}}