{"id":503,"date":"2023-04-03T13:35:15","date_gmt":"2023-04-03T13:35:15","guid":{"rendered":"https:\/\/taranivanua.de\/?post_type=product&#038;p=503"},"modified":"2023-04-22T10:16:01","modified_gmt":"2023-04-22T10:16:01","slug":"rosenquarz-obsidian-halskette","status":"publish","type":"product","link":"https:\/\/taranivanua.de\/?product=rosenquarz-obsidian-halskette","title":{"rendered":"Rosenquarz-Obsidian Halskette"},"content":{"rendered":"<p><strong>Material:<\/strong><\/p>\n<p>Edelstein: Rosenquarz 10mm, 8mm; Obsidian 6mm, 10mm \/ Tibetan Silver<\/p>\n<p><strong>Umfang:<\/strong> ca. 66cm<\/p>\n<p><strong>L\u00e4nge mit Anh\u00e4nger:<\/strong> ca. 38cm<\/p>\n<p>Rosenquarz-Obsidian Halskette im Mala-Style, vereint Sensibilit\u00e4t und Schutz.<\/p>\n<p>Handmade in Fiji<\/p>\n","protected":false},"excerpt":{"rendered":"<p>54 Perlen bilden die H\u00e4lfte der traditionellen Perlenzahl bei einer Mala (108). Bergkristall hilft den Verstand zu sch\u00e4rfen und zieht das Licht an. Jade steht f\u00fcr Langlebigkeit und Lebensgl\u00fcck.<\/p>\n","protected":false},"featured_media":442,"template":"","meta":[],"product_cat":[41],"product_tag":[],"class_list":{"0":"post-503","1":"product","2":"type-product","3":"status-publish","4":"has-post-thumbnail","6":"product_cat-mala-edelstein-halskette","8":"first","9":"instock","10":"sold-individually","11":"purchasable","12":"product-type-simple"},"jetpack_sharing_enabled":true,"_links":{"self":[{"href":"https:\/\/taranivanua.de\/index.php?rest_route=\/wp\/v2\/product\/503","targetHints":{"allow":["GET"]}}],"collection":[{"href":"https:\/\/taranivanua.de\/index.php?rest_route=\/wp\/v2\/product"}],"about":[{"href":"https:\/\/taranivanua.de\/index.php?rest_route=\/wp\/v2\/types\/product"}],"wp:featuredmedia":[{"embeddable":true,"href":"https:\/\/taranivanua.de\/index.php?rest_route=\/wp\/v2\/media\/442"}],"wp:attachment":[{"href":"https:\/\/taranivanua.de\/index.php?rest_route=%2Fwp%2Fv2%2Fmedia&parent=503"}],"wp:term":[{"taxonomy":"product_cat","embeddable":true,"href":"https:\/\/taranivanua.de\/index.php?rest_route=%2Fwp%2Fv2%2Fproduct_cat&post=503"},{"taxonomy":"product_tag","embeddable":true,"href":"https:\/\/taranivanua.de\/index.php?rest_route=%2Fwp%2Fv2%2Fproduct_tag&post=503"}],"curies":[{"name":"wp","href":"https:\/\/api.w.org\/{rel}","templated":true}]}}