{"id":497,"date":"2023-04-02T16:40:21","date_gmt":"2023-04-02T16:40:21","guid":{"rendered":"https:\/\/taranivanua.de\/?post_type=product&#038;p=497"},"modified":"2023-04-22T10:18:32","modified_gmt":"2023-04-22T10:18:32","slug":"shiva-auge-lavastein-perlen-halskette","status":"publish","type":"product","link":"https:\/\/taranivanua.de\/?product=shiva-auge-lavastein-perlen-halskette","title":{"rendered":"Shiva-Auge Lavastein-Perlen Halskette"},"content":{"rendered":"<p><strong>Material:<\/strong><\/p>\n<p>Edelstein: Lavastein 10mm, Koralle 4mm \/ S\u00fc\u00dfwasserperlen wei\u00df, gold 6-8mm, 2-4mm \/\u00a0 Verschlu\u00df<\/p>\n<p><strong>Umfang:<\/strong> ca. 48cm<\/p>\n<p><strong>L\u00e4nge mit Anh\u00e4nger: <\/strong>ca. 27cm \/ Durchmesser 3cm \/ Perlmut-Einlagen in Kunststoff<\/p>\n<p>Das Shiva-Auge mit dem den Lavasteinen, rotem Jaspis und den S\u00fc\u00dfwasserperlen vermittelt kraftvolle Exotic und Farbenreichtum.<\/p>\n<p>Handmade in Fiji<\/p>\n","protected":false},"excerpt":{"rendered":"<p>Das Shiva-Auge mit dem den Lavasteinen, rotem Jaspis und den S\u00fc\u00dfwasserperlen vermittelt kraftvolle Exotic und Farbenreichtum.<\/p>\n","protected":false},"featured_media":429,"template":"","meta":[],"product_cat":[45,48],"product_tag":[],"class_list":{"0":"post-497","1":"product","2":"type-product","3":"status-publish","4":"has-post-thumbnail","6":"product_cat-fashion-schmuck","7":"product_cat-suesswasserperlen-halskette-schmuck","9":"first","10":"instock","11":"sold-individually","12":"purchasable","13":"product-type-simple"},"jetpack_sharing_enabled":true,"_links":{"self":[{"href":"https:\/\/taranivanua.de\/index.php?rest_route=\/wp\/v2\/product\/497","targetHints":{"allow":["GET"]}}],"collection":[{"href":"https:\/\/taranivanua.de\/index.php?rest_route=\/wp\/v2\/product"}],"about":[{"href":"https:\/\/taranivanua.de\/index.php?rest_route=\/wp\/v2\/types\/product"}],"wp:featuredmedia":[{"embeddable":true,"href":"https:\/\/taranivanua.de\/index.php?rest_route=\/wp\/v2\/media\/429"}],"wp:attachment":[{"href":"https:\/\/taranivanua.de\/index.php?rest_route=%2Fwp%2Fv2%2Fmedia&parent=497"}],"wp:term":[{"taxonomy":"product_cat","embeddable":true,"href":"https:\/\/taranivanua.de\/index.php?rest_route=%2Fwp%2Fv2%2Fproduct_cat&post=497"},{"taxonomy":"product_tag","embeddable":true,"href":"https:\/\/taranivanua.de\/index.php?rest_route=%2Fwp%2Fv2%2Fproduct_tag&post=497"}],"curies":[{"name":"wp","href":"https:\/\/api.w.org\/{rel}","templated":true}]}}