{"id":495,"date":"2023-04-02T16:35:48","date_gmt":"2023-04-02T16:35:48","guid":{"rendered":"https:\/\/taranivanua.de\/?post_type=product&#038;p=495"},"modified":"2023-04-22T10:03:45","modified_gmt":"2023-04-22T10:03:45","slug":"shiva-auge-karneol-perlen-halskette","status":"publish","type":"product","link":"https:\/\/taranivanua.de\/?product=shiva-auge-karneol-perlen-halskette","title":{"rendered":"Shiva-Auge Karneol-Perlen Halskette"},"content":{"rendered":"<p><strong>Material:<\/strong><\/p>\n<p>Ovale, wei\u00dfe S\u00fc\u00dfwasserperlen 10-12mm \/ Edelstein: Karneol 10mm, Landscape Jaspis 10mm \/ mit Verschlu\u00df<\/p>\n<p><strong>Umfang:<\/strong> ca. 57cm<\/p>\n<p><strong>L\u00e4nge mit Anh\u00e4nger: <\/strong>ca. 33cm, Permut Applikation in Kunststoff eingelassen &#8211; Durchmesser 5cm,<\/p>\n<p>Power-Halskette aus 1a oval-wei\u00dfen S\u00fc\u00dfwasserperlen und dem Edelstein Karneol, die den runden Anh\u00e4nger noch mehr Kraft geben. Karneol steht f\u00fcr Freude, Lebendigkeit und Miteinander.<\/p>\n<p>&nbsp;<\/p>\n","protected":false},"excerpt":{"rendered":"<p>Power-Halskette aus 1a oval-wei\u00dfen S\u00fc\u00dfwasserperlen und dem Edelstein Karneol, die den runden Anh\u00e4nger noch mehr Kraft geben.<\/p>\n","protected":false},"featured_media":425,"template":"","meta":[],"product_cat":[45,41,48],"product_tag":[],"class_list":{"0":"post-495","1":"product","2":"type-product","3":"status-publish","4":"has-post-thumbnail","6":"product_cat-fashion-schmuck","7":"product_cat-mala-edelstein-halskette","8":"product_cat-suesswasserperlen-halskette-schmuck","10":"first","11":"instock","12":"sold-individually","13":"purchasable","14":"product-type-simple"},"jetpack_sharing_enabled":true,"_links":{"self":[{"href":"https:\/\/taranivanua.de\/index.php?rest_route=\/wp\/v2\/product\/495","targetHints":{"allow":["GET"]}}],"collection":[{"href":"https:\/\/taranivanua.de\/index.php?rest_route=\/wp\/v2\/product"}],"about":[{"href":"https:\/\/taranivanua.de\/index.php?rest_route=\/wp\/v2\/types\/product"}],"wp:featuredmedia":[{"embeddable":true,"href":"https:\/\/taranivanua.de\/index.php?rest_route=\/wp\/v2\/media\/425"}],"wp:attachment":[{"href":"https:\/\/taranivanua.de\/index.php?rest_route=%2Fwp%2Fv2%2Fmedia&parent=495"}],"wp:term":[{"taxonomy":"product_cat","embeddable":true,"href":"https:\/\/taranivanua.de\/index.php?rest_route=%2Fwp%2Fv2%2Fproduct_cat&post=495"},{"taxonomy":"product_tag","embeddable":true,"href":"https:\/\/taranivanua.de\/index.php?rest_route=%2Fwp%2Fv2%2Fproduct_tag&post=495"}],"curies":[{"name":"wp","href":"https:\/\/api.w.org\/{rel}","templated":true}]}}