{"id":494,"date":"2023-04-02T16:34:27","date_gmt":"2023-04-02T16:34:27","guid":{"rendered":"https:\/\/taranivanua.de\/?post_type=product&#038;p=494"},"modified":"2023-04-22T10:04:13","modified_gmt":"2023-04-22T10:04:13","slug":"jade-bergkristall-halskette","status":"publish","type":"product","link":"https:\/\/taranivanua.de\/?product=jade-bergkristall-halskette","title":{"rendered":"Jade-Bergkristall Halskette"},"content":{"rendered":"<p><strong>Material:<\/strong><\/p>\n<p>Edelstein:Bergkristall 8mm; Malachit 2-4mm; Anh\u00e4nger Gr\u00fcner Jade-Stein 2-3cm<\/p>\n<p><strong>Umfang:<\/strong> ca. 66cm<\/p>\n<p><strong>L\u00e4nge mit Anh\u00e4nger:<\/strong> ca. 37cm<\/p>\n<p>54 Perlen bilden die H\u00e4lfte der traditionellen Perlenzahl bei einer Mala (108). Bergkristall hilft den Verstand zu sch\u00e4rfen und zieht das Licht an. Jade steht f\u00fcr Langlebigkeit und Lebensgl\u00fcck.<\/p>\n<p>Handmade in Fiji<\/p>\n","protected":false},"excerpt":{"rendered":"<p>54 Perlen bilden die H\u00e4lfte der traditionellen Perlenzahl bei einer Mala (108). Bergkristall hilft den Verstand zu sch\u00e4rfen und zieht das Licht an. Jade steht f\u00fcr Langlebigkeit und Lebensgl\u00fcck.<\/p>\n","protected":false},"featured_media":417,"template":"","meta":[],"product_cat":[41],"product_tag":[],"class_list":{"0":"post-494","1":"product","2":"type-product","3":"status-publish","4":"has-post-thumbnail","6":"product_cat-mala-edelstein-halskette","8":"first","9":"instock","10":"sold-individually","11":"purchasable","12":"product-type-simple"},"jetpack_sharing_enabled":true,"_links":{"self":[{"href":"https:\/\/taranivanua.de\/index.php?rest_route=\/wp\/v2\/product\/494","targetHints":{"allow":["GET"]}}],"collection":[{"href":"https:\/\/taranivanua.de\/index.php?rest_route=\/wp\/v2\/product"}],"about":[{"href":"https:\/\/taranivanua.de\/index.php?rest_route=\/wp\/v2\/types\/product"}],"wp:featuredmedia":[{"embeddable":true,"href":"https:\/\/taranivanua.de\/index.php?rest_route=\/wp\/v2\/media\/417"}],"wp:attachment":[{"href":"https:\/\/taranivanua.de\/index.php?rest_route=%2Fwp%2Fv2%2Fmedia&parent=494"}],"wp:term":[{"taxonomy":"product_cat","embeddable":true,"href":"https:\/\/taranivanua.de\/index.php?rest_route=%2Fwp%2Fv2%2Fproduct_cat&post=494"},{"taxonomy":"product_tag","embeddable":true,"href":"https:\/\/taranivanua.de\/index.php?rest_route=%2Fwp%2Fv2%2Fproduct_tag&post=494"}],"curies":[{"name":"wp","href":"https:\/\/api.w.org\/{rel}","templated":true}]}}