{"id":493,"date":"2023-04-02T16:32:32","date_gmt":"2023-04-02T16:32:32","guid":{"rendered":"https:\/\/taranivanua.de\/?post_type=product&#038;p=493"},"modified":"2023-04-22T10:04:44","modified_gmt":"2023-04-22T10:04:44","slug":"austern-jade-tuerkis-halskette","status":"publish","type":"product","link":"https:\/\/taranivanua.de\/?product=austern-jade-tuerkis-halskette","title":{"rendered":"Austern Jade-T\u00fcrkis Halskette"},"content":{"rendered":"<p><strong>Material:<\/strong><\/p>\n<p>Gro\u00dfe, creme-wei\u00df-farbene Austern-Perle 2-2,8cm \/ Edelstein: Jade 10mm, 6mm; T\u00fcrkis 8mm\/ Bambus 8mm \/ mit Verschlu\u00df<\/p>\n<p><strong>Umfang:<\/strong> ca. 57cm<\/p>\n<p><strong>L\u00e4nge mit Anh\u00e4nger:<\/strong> ca. 31cm<\/p>\n<p>Eine gro\u00dfe Austern Perle geschm\u00fcckt mit dem wei\u00dfen Jadestein, der f\u00fcr Langlebigkeit steht, mit der Leichtigkeit des Bambus und dem Schutz des T\u00fcrkis. Die Kette besitzt trotz der gro\u00dfen Perle ein sehr gro\u00dfe Leichtigkeit.<\/p>\n<p>Handmade in Fiji<\/p>\n","protected":false},"excerpt":{"rendered":"<p>Eine gro\u00dfe Austern Perle geschm\u00fcckt mit dem wei\u00dfen Jadestein, der f\u00fcr Langlebigkeit steht, mit der Leichtigkeit des Bambus und dem Schutz des T\u00fcrkis.<\/p>\n","protected":false},"featured_media":421,"template":"","meta":[],"product_cat":[45,41,48],"product_tag":[],"class_list":{"0":"post-493","1":"product","2":"type-product","3":"status-publish","4":"has-post-thumbnail","6":"product_cat-fashion-schmuck","7":"product_cat-mala-edelstein-halskette","8":"product_cat-suesswasserperlen-halskette-schmuck","10":"first","11":"instock","12":"sold-individually","13":"purchasable","14":"product-type-simple"},"jetpack_sharing_enabled":true,"_links":{"self":[{"href":"https:\/\/taranivanua.de\/index.php?rest_route=\/wp\/v2\/product\/493","targetHints":{"allow":["GET"]}}],"collection":[{"href":"https:\/\/taranivanua.de\/index.php?rest_route=\/wp\/v2\/product"}],"about":[{"href":"https:\/\/taranivanua.de\/index.php?rest_route=\/wp\/v2\/types\/product"}],"wp:featuredmedia":[{"embeddable":true,"href":"https:\/\/taranivanua.de\/index.php?rest_route=\/wp\/v2\/media\/421"}],"wp:attachment":[{"href":"https:\/\/taranivanua.de\/index.php?rest_route=%2Fwp%2Fv2%2Fmedia&parent=493"}],"wp:term":[{"taxonomy":"product_cat","embeddable":true,"href":"https:\/\/taranivanua.de\/index.php?rest_route=%2Fwp%2Fv2%2Fproduct_cat&post=493"},{"taxonomy":"product_tag","embeddable":true,"href":"https:\/\/taranivanua.de\/index.php?rest_route=%2Fwp%2Fv2%2Fproduct_tag&post=493"}],"curies":[{"name":"wp","href":"https:\/\/api.w.org\/{rel}","templated":true}]}}