{"id":491,"date":"2023-04-02T16:24:08","date_gmt":"2023-04-02T16:24:08","guid":{"rendered":"https:\/\/taranivanua.de\/?post_type=product&#038;p=491"},"modified":"2023-04-22T09:57:12","modified_gmt":"2023-04-22T09:57:12","slug":"permut-suesswasserperlen-amethyst-rudrak-halskette","status":"publish","type":"product","link":"https:\/\/taranivanua.de\/?product=permut-suesswasserperlen-amethyst-rudrak-halskette","title":{"rendered":"Permut-S\u00fcsswasserperlen-Amethyst-Rudrak Halskette"},"content":{"rendered":"<p><strong>Material:<\/strong><\/p>\n<p>Edelstein: Amethyst 8mm \/Rudraksha Beads (Indien) 7mm \/ Ovale S\u00fc\u00dfwasserperlen weiss 1a Qualit\u00e4t \/ Tibetan Silver \/Mit Verschlu\u00df<\/p>\n<p><strong>Umfang:<\/strong> ca. 52cm<\/p>\n<p><strong>L\u00e4nge mit Anh\u00e4nger: <\/strong>ca. 29cm, Abalone-Permut Applikation in Kunststoff eingelassen \/ Anh\u00e4nger-Ma\u00dfe: 4-6cm<\/p>\n<p>Die Sch\u00f6nheit eine Abalone-Muschel in einer Flossenform, getragen von Amethyst, strahlend-wei\u00dfen Perlen und Rudrak. Tibetan-Style Spacer mit sehr sch\u00f6nen Gravuren. Ein echtes Schmuckst\u00fcck.<\/p>\n<p>Handmade in Fiji<\/p>\n","protected":false},"excerpt":{"rendered":"<p>Die Sch\u00f6nheit eine Abalone-Muschel in einer Flossenform, getragen von Amethyst, strahlend-wei\u00dfen Perlen und Rudrak. Tibetan-Style Spacer mit sehr sch\u00f6nen Gravuren. Ein echtes Schmuckst\u00fcck.<\/p>\n","protected":false},"featured_media":413,"template":"","meta":[],"product_cat":[45,39,48],"product_tag":[],"class_list":{"0":"post-491","1":"product","2":"type-product","3":"status-publish","4":"has-post-thumbnail","6":"product_cat-fashion-schmuck","7":"product_cat-mala-rudraksha-halskette","8":"product_cat-suesswasserperlen-halskette-schmuck","10":"first","11":"instock","12":"sold-individually","13":"purchasable","14":"product-type-simple"},"jetpack_sharing_enabled":true,"_links":{"self":[{"href":"https:\/\/taranivanua.de\/index.php?rest_route=\/wp\/v2\/product\/491","targetHints":{"allow":["GET"]}}],"collection":[{"href":"https:\/\/taranivanua.de\/index.php?rest_route=\/wp\/v2\/product"}],"about":[{"href":"https:\/\/taranivanua.de\/index.php?rest_route=\/wp\/v2\/types\/product"}],"wp:featuredmedia":[{"embeddable":true,"href":"https:\/\/taranivanua.de\/index.php?rest_route=\/wp\/v2\/media\/413"}],"wp:attachment":[{"href":"https:\/\/taranivanua.de\/index.php?rest_route=%2Fwp%2Fv2%2Fmedia&parent=491"}],"wp:term":[{"taxonomy":"product_cat","embeddable":true,"href":"https:\/\/taranivanua.de\/index.php?rest_route=%2Fwp%2Fv2%2Fproduct_cat&post=491"},{"taxonomy":"product_tag","embeddable":true,"href":"https:\/\/taranivanua.de\/index.php?rest_route=%2Fwp%2Fv2%2Fproduct_tag&post=491"}],"curies":[{"name":"wp","href":"https:\/\/api.w.org\/{rel}","templated":true}]}}