{"id":490,"date":"2023-04-02T16:22:24","date_gmt":"2023-04-02T16:22:24","guid":{"rendered":"https:\/\/taranivanua.de\/?post_type=product&#038;p=490"},"modified":"2023-04-22T10:05:43","modified_gmt":"2023-04-22T10:05:43","slug":"rosenquarz-suesswasserperlen-halskette","status":"publish","type":"product","link":"https:\/\/taranivanua.de\/?product=rosenquarz-suesswasserperlen-halskette","title":{"rendered":"Rosenquarz-S\u00fcsswasserperlen Halskette"},"content":{"rendered":"<p><strong>Material:<\/strong><\/p>\n<p>Goldene S\u00fc\u00dfwasserperlen 8mm \/ Edelstein: Rosenquarz 10mm<\/p>\n<p><strong>Umfang:<\/strong> ca. 58cm<\/p>\n<p><strong>L\u00e4nge mit Anh\u00e4nger: <\/strong>ca. 34cm<\/p>\n<p>Goldene\u00a0 S\u00fc\u00dfwasserperlen mit Rosenquarz k\u00f6nnen Deine Gef\u00fchleund Deine Intuition unterst\u00fctzen und vermitteln Sensibilit\u00e4t und Mitgef\u00fchl.<\/p>\n<p>Handmade in Fiji<\/p>\n","protected":false},"excerpt":{"rendered":"<p>Goldene\u00a0 S\u00fc\u00dfwasserperlen mit Rosenquarz k\u00f6nnen Deine Gef\u00fchleund Deine Intuition unterst\u00fctzen und vermitteln Sensibilit\u00e4t und Mitgef\u00fchl.<\/p>\n","protected":false},"featured_media":450,"template":"","meta":[],"product_cat":[41],"product_tag":[],"class_list":{"0":"post-490","1":"product","2":"type-product","3":"status-publish","4":"has-post-thumbnail","6":"product_cat-mala-edelstein-halskette","8":"first","9":"instock","10":"sold-individually","11":"purchasable","12":"product-type-simple"},"jetpack_sharing_enabled":true,"_links":{"self":[{"href":"https:\/\/taranivanua.de\/index.php?rest_route=\/wp\/v2\/product\/490","targetHints":{"allow":["GET"]}}],"collection":[{"href":"https:\/\/taranivanua.de\/index.php?rest_route=\/wp\/v2\/product"}],"about":[{"href":"https:\/\/taranivanua.de\/index.php?rest_route=\/wp\/v2\/types\/product"}],"wp:featuredmedia":[{"embeddable":true,"href":"https:\/\/taranivanua.de\/index.php?rest_route=\/wp\/v2\/media\/450"}],"wp:attachment":[{"href":"https:\/\/taranivanua.de\/index.php?rest_route=%2Fwp%2Fv2%2Fmedia&parent=490"}],"wp:term":[{"taxonomy":"product_cat","embeddable":true,"href":"https:\/\/taranivanua.de\/index.php?rest_route=%2Fwp%2Fv2%2Fproduct_cat&post=490"},{"taxonomy":"product_tag","embeddable":true,"href":"https:\/\/taranivanua.de\/index.php?rest_route=%2Fwp%2Fv2%2Fproduct_tag&post=490"}],"curies":[{"name":"wp","href":"https:\/\/api.w.org\/{rel}","templated":true}]}}