{"id":403,"date":"2023-03-30T10:24:38","date_gmt":"2023-03-30T10:24:38","guid":{"rendered":"https:\/\/taranivanua.de\/?post_type=product&#038;p=403"},"modified":"2023-04-22T09:58:09","modified_gmt":"2023-04-22T09:58:09","slug":"amethyst-perlen-armband","status":"publish","type":"product","link":"https:\/\/taranivanua.de\/?product=amethyst-perlen-armband","title":{"rendered":"Amethyst-Perlen Armband"},"content":{"rendered":"<p><strong>Material:<\/strong><\/p>\n<p>Edelstein: Amethyst 10mm \/ S\u00fc\u00dfwasserperlen Gelb (S\u00fcdpazifik)\u00a0 8mm<\/p>\n<p><strong>Umfang:<\/strong> ca. 18cm<\/p>\n<p>Strahlender Amethyst mit leuchtenden, gelben Perlen. Ein perfektes Schmuckst\u00fcck um Sch\u00f6nheit in das eigene Leben und Sein zu transportieren.<\/p>\n<p>Handmade in Fiji<\/p>\n","protected":false},"excerpt":{"rendered":"<p>Strahlender Amethyst mit leuchtenden, gelben Perlen. Ein perfektes Schmuckst\u00fcck um Sch\u00f6nhiet in das eigene Leben und Sein zu transportieren.<\/p>\n","protected":false},"featured_media":376,"template":"","meta":[],"product_cat":[45,42,49],"product_tag":[],"class_list":{"0":"post-403","1":"product","2":"type-product","3":"status-publish","4":"has-post-thumbnail","6":"product_cat-fashion-schmuck","7":"product_cat-mala-edelstein-armband","8":"product_cat-suesswasserperlen-armband","10":"first","11":"instock","12":"sold-individually","13":"purchasable","14":"product-type-simple"},"jetpack_sharing_enabled":true,"_links":{"self":[{"href":"https:\/\/taranivanua.de\/index.php?rest_route=\/wp\/v2\/product\/403","targetHints":{"allow":["GET"]}}],"collection":[{"href":"https:\/\/taranivanua.de\/index.php?rest_route=\/wp\/v2\/product"}],"about":[{"href":"https:\/\/taranivanua.de\/index.php?rest_route=\/wp\/v2\/types\/product"}],"wp:featuredmedia":[{"embeddable":true,"href":"https:\/\/taranivanua.de\/index.php?rest_route=\/wp\/v2\/media\/376"}],"wp:attachment":[{"href":"https:\/\/taranivanua.de\/index.php?rest_route=%2Fwp%2Fv2%2Fmedia&parent=403"}],"wp:term":[{"taxonomy":"product_cat","embeddable":true,"href":"https:\/\/taranivanua.de\/index.php?rest_route=%2Fwp%2Fv2%2Fproduct_cat&post=403"},{"taxonomy":"product_tag","embeddable":true,"href":"https:\/\/taranivanua.de\/index.php?rest_route=%2Fwp%2Fv2%2Fproduct_tag&post=403"}],"curies":[{"name":"wp","href":"https:\/\/api.w.org\/{rel}","templated":true}]}}