{"id":402,"date":"2023-03-30T10:18:54","date_gmt":"2023-03-30T10:18:54","guid":{"rendered":"https:\/\/taranivanua.de\/?post_type=product&#038;p=402"},"modified":"2023-04-22T09:58:37","modified_gmt":"2023-04-22T09:58:37","slug":"black-rudraksha-rose-pearl-armband","status":"publish","type":"product","link":"https:\/\/taranivanua.de\/?product=black-rudraksha-rose-pearl-armband","title":{"rendered":"Black Rudraksha-Rose-Pearl Armband"},"content":{"rendered":"<p><strong>Material:<\/strong><\/p>\n<p>Edelstein: Ovale, weiss-rose S\u00fc\u00dfwasserperlen (S\u00fcdpazifik) 6-8mm, 10-12mm \/ Rudraksha Beads schwarz (Indien) 7mm \/ Tibetan Silver \/ mit Verschluss<\/p>\n<p><strong>Umfang:<\/strong> ca. 21cm<\/p>\n<p>Ein Armband, welches das multi-kulturelle Gef\u00fchl der Fiji-Islands mit der indisch-st\u00e4mmigen Bev\u00f6lkerung und den indigene BewohnerInnen, den Itaukei, zum Ausdruck bringt.<\/p>\n<p>Handmade in Fiji<\/p>\n","protected":false},"excerpt":{"rendered":"<p>Ein Armband, welches das multi-kulturelle Gef\u00fchl der Fiji-Islands mit der indisch-st\u00e4mmigen Bev\u00f6lkerung und den indigene BewohnerInnen, den Itaukei, zum Ausdruck bringt.<\/p>\n","protected":false},"featured_media":377,"template":"","meta":[],"product_cat":[40,49],"product_tag":[],"class_list":{"0":"post-402","1":"product","2":"type-product","3":"status-publish","4":"has-post-thumbnail","6":"product_cat-mala-rudraksha-armband","7":"product_cat-suesswasserperlen-armband","9":"first","10":"instock","11":"sold-individually","12":"purchasable","13":"product-type-simple"},"jetpack_sharing_enabled":true,"_links":{"self":[{"href":"https:\/\/taranivanua.de\/index.php?rest_route=\/wp\/v2\/product\/402","targetHints":{"allow":["GET"]}}],"collection":[{"href":"https:\/\/taranivanua.de\/index.php?rest_route=\/wp\/v2\/product"}],"about":[{"href":"https:\/\/taranivanua.de\/index.php?rest_route=\/wp\/v2\/types\/product"}],"wp:featuredmedia":[{"embeddable":true,"href":"https:\/\/taranivanua.de\/index.php?rest_route=\/wp\/v2\/media\/377"}],"wp:attachment":[{"href":"https:\/\/taranivanua.de\/index.php?rest_route=%2Fwp%2Fv2%2Fmedia&parent=402"}],"wp:term":[{"taxonomy":"product_cat","embeddable":true,"href":"https:\/\/taranivanua.de\/index.php?rest_route=%2Fwp%2Fv2%2Fproduct_cat&post=402"},{"taxonomy":"product_tag","embeddable":true,"href":"https:\/\/taranivanua.de\/index.php?rest_route=%2Fwp%2Fv2%2Fproduct_tag&post=402"}],"curies":[{"name":"wp","href":"https:\/\/api.w.org\/{rel}","templated":true}]}}