{"id":399,"date":"2023-03-30T09:56:37","date_gmt":"2023-03-30T09:56:37","guid":{"rendered":"https:\/\/taranivanua.de\/?post_type=product&#038;p=399"},"modified":"2023-04-22T10:00:04","modified_gmt":"2023-04-22T10:00:04","slug":"rudraksha-rose-pearl-armband","status":"publish","type":"product","link":"https:\/\/taranivanua.de\/?product=rudraksha-rose-pearl-armband","title":{"rendered":"Rudraksha-Rose-Pearl Armband"},"content":{"rendered":"<p><strong>Material:<\/strong><\/p>\n<p>Edelstein: Ovale, weiss-rose S\u00fc\u00dfwasserperlen (S\u00fcdpazifik) 8-10mm \/ Rudraksha Beads (Indien) 7mm<\/p>\n<p><strong>Umfang:<\/strong> ca. 18cm<\/p>\n<p>Ein Armband, welches das multi-kulturelle Gef\u00fchl der Fiji-Islands mit der indisch-st\u00e4mmigen Bev\u00f6lkerung und den indigene BewohnerInnen den Itaukei zum Ausdruck bringt.<\/p>\n<p>Handmade in Fiji<\/p>\n","protected":false},"excerpt":{"rendered":"<p>Ein Armband, welches das multi-kulturelle Gef\u00fchl der Fiji-Islands mit der indisch-st\u00e4mmigen Bev\u00f6lkerung und den indigene BewohnerInnen den Itaukei zum Ausdruck bringt.<\/p>\n","protected":false},"featured_media":375,"template":"","meta":[],"product_cat":[42,49],"product_tag":[],"class_list":{"0":"post-399","1":"product","2":"type-product","3":"status-publish","4":"has-post-thumbnail","6":"product_cat-mala-edelstein-armband","7":"product_cat-suesswasserperlen-armband","9":"first","10":"instock","11":"sold-individually","12":"purchasable","13":"product-type-simple"},"jetpack_sharing_enabled":true,"_links":{"self":[{"href":"https:\/\/taranivanua.de\/index.php?rest_route=\/wp\/v2\/product\/399","targetHints":{"allow":["GET"]}}],"collection":[{"href":"https:\/\/taranivanua.de\/index.php?rest_route=\/wp\/v2\/product"}],"about":[{"href":"https:\/\/taranivanua.de\/index.php?rest_route=\/wp\/v2\/types\/product"}],"wp:featuredmedia":[{"embeddable":true,"href":"https:\/\/taranivanua.de\/index.php?rest_route=\/wp\/v2\/media\/375"}],"wp:attachment":[{"href":"https:\/\/taranivanua.de\/index.php?rest_route=%2Fwp%2Fv2%2Fmedia&parent=399"}],"wp:term":[{"taxonomy":"product_cat","embeddable":true,"href":"https:\/\/taranivanua.de\/index.php?rest_route=%2Fwp%2Fv2%2Fproduct_cat&post=399"},{"taxonomy":"product_tag","embeddable":true,"href":"https:\/\/taranivanua.de\/index.php?rest_route=%2Fwp%2Fv2%2Fproduct_tag&post=399"}],"curies":[{"name":"wp","href":"https:\/\/api.w.org\/{rel}","templated":true}]}}