{"id":397,"date":"2023-03-30T09:46:59","date_gmt":"2023-03-30T09:46:59","guid":{"rendered":"https:\/\/taranivanua.de\/?post_type=product&#038;p=397"},"modified":"2023-04-22T10:01:00","modified_gmt":"2023-04-22T10:01:00","slug":"jaspis-rose-pearl-armband","status":"publish","type":"product","link":"https:\/\/taranivanua.de\/?product=jaspis-rose-pearl-armband","title":{"rendered":"Jaspis-Rose-Pearl Armband"},"content":{"rendered":"<p><strong>Material:<\/strong><\/p>\n<p>Edelstein: Landscape Jasper 10mm \/ Ovale, weiss-rose S\u00fc\u00dfwasserperlen 8-10mm<\/p>\n<p><strong>Umfang:<\/strong> ca. 19cm<\/p>\n<p>Jasper und S\u00fc\u00dfwasserperlen erzeugen ein Gef\u00fchl der Ruhe und St\u00e4rke.<\/p>\n<p>Handmade in Fiji<\/p>\n","protected":false},"excerpt":{"rendered":"<p>Jasper und S\u00fc\u00dfwasserperlen erzeugen ein Gef\u00fchl der Ruhe und St\u00e4rke.<\/p>\n","protected":false},"featured_media":373,"template":"","meta":[],"product_cat":[42,49],"product_tag":[],"class_list":{"0":"post-397","1":"product","2":"type-product","3":"status-publish","4":"has-post-thumbnail","6":"product_cat-mala-edelstein-armband","7":"product_cat-suesswasserperlen-armband","9":"first","10":"instock","11":"sold-individually","12":"purchasable","13":"product-type-simple"},"jetpack_sharing_enabled":true,"_links":{"self":[{"href":"https:\/\/taranivanua.de\/index.php?rest_route=\/wp\/v2\/product\/397","targetHints":{"allow":["GET"]}}],"collection":[{"href":"https:\/\/taranivanua.de\/index.php?rest_route=\/wp\/v2\/product"}],"about":[{"href":"https:\/\/taranivanua.de\/index.php?rest_route=\/wp\/v2\/types\/product"}],"wp:featuredmedia":[{"embeddable":true,"href":"https:\/\/taranivanua.de\/index.php?rest_route=\/wp\/v2\/media\/373"}],"wp:attachment":[{"href":"https:\/\/taranivanua.de\/index.php?rest_route=%2Fwp%2Fv2%2Fmedia&parent=397"}],"wp:term":[{"taxonomy":"product_cat","embeddable":true,"href":"https:\/\/taranivanua.de\/index.php?rest_route=%2Fwp%2Fv2%2Fproduct_cat&post=397"},{"taxonomy":"product_tag","embeddable":true,"href":"https:\/\/taranivanua.de\/index.php?rest_route=%2Fwp%2Fv2%2Fproduct_tag&post=397"}],"curies":[{"name":"wp","href":"https:\/\/api.w.org\/{rel}","templated":true}]}}