{"id":394,"date":"2023-03-30T07:41:06","date_gmt":"2023-03-30T07:41:06","guid":{"rendered":"https:\/\/taranivanua.de\/?post_type=product&#038;p=394"},"modified":"2023-05-18T09:12:37","modified_gmt":"2023-05-18T09:12:37","slug":"amethyst-baroque-pearl-halskette","status":"publish","type":"product","link":"https:\/\/taranivanua.de\/?product=amethyst-baroque-pearl-halskette","title":{"rendered":"Amethyst-Baroque-Pearl Halskette"},"content":{"rendered":"<p><strong>Material:<\/strong><\/p>\n<p>Edelstein: Amethyst 10mm \/ Lila Baroque-Pearl in bester Qualit\u00e4t 10-12mm \/ Tibetan Messing-Kupfer\/ mit Verschlu\u00df<\/p>\n<p><strong>Umfang:<\/strong> ca. 42cm<\/p>\n<p>Diese Kreation ist ein wahres Schmuckst\u00fcck voller Eleganz und Gef\u00fchl. Sie l\u00e4sst uns ein bisschen Abheben in Gleichmut und tiefer Sensibilit\u00e4t und Sch\u00f6nheit.<\/p>\n<p>Die S\u00fc\u00dfwasserperlen kommnen aus der Region des S\u00fcdpazifiks.<\/p>\n<p>Handmade in Fiji<\/p>\n","protected":false},"excerpt":{"rendered":"<p>Diese Kreation ist ein wahres Schmuckst\u00fcck voller Eleganz und Gef\u00fchl. Sie l\u00e4sst uns ein bisschen Abheben in Gleichmut und tiefer Sensibilit\u00e4t und Sch\u00f6nheit.<\/p>\n","protected":false},"featured_media":364,"template":"","meta":[],"product_cat":[45,41,48],"product_tag":[],"class_list":{"0":"post-394","1":"product","2":"type-product","3":"status-publish","4":"has-post-thumbnail","6":"product_cat-fashion-schmuck","7":"product_cat-mala-edelstein-halskette","8":"product_cat-suesswasserperlen-halskette-schmuck","10":"first","11":"instock","12":"sold-individually","13":"purchasable","14":"product-type-simple"},"jetpack_sharing_enabled":true,"_links":{"self":[{"href":"https:\/\/taranivanua.de\/index.php?rest_route=\/wp\/v2\/product\/394","targetHints":{"allow":["GET"]}}],"collection":[{"href":"https:\/\/taranivanua.de\/index.php?rest_route=\/wp\/v2\/product"}],"about":[{"href":"https:\/\/taranivanua.de\/index.php?rest_route=\/wp\/v2\/types\/product"}],"wp:featuredmedia":[{"embeddable":true,"href":"https:\/\/taranivanua.de\/index.php?rest_route=\/wp\/v2\/media\/364"}],"wp:attachment":[{"href":"https:\/\/taranivanua.de\/index.php?rest_route=%2Fwp%2Fv2%2Fmedia&parent=394"}],"wp:term":[{"taxonomy":"product_cat","embeddable":true,"href":"https:\/\/taranivanua.de\/index.php?rest_route=%2Fwp%2Fv2%2Fproduct_cat&post=394"},{"taxonomy":"product_tag","embeddable":true,"href":"https:\/\/taranivanua.de\/index.php?rest_route=%2Fwp%2Fv2%2Fproduct_tag&post=394"}],"curies":[{"name":"wp","href":"https:\/\/api.w.org\/{rel}","templated":true}]}}