{"id":388,"date":"2023-03-30T06:26:25","date_gmt":"2023-03-30T06:26:25","guid":{"rendered":"https:\/\/taranivanua.de\/?post_type=product&#038;p=388"},"modified":"2023-04-22T09:48:19","modified_gmt":"2023-04-22T09:48:19","slug":"amethyst-rudrak-halskette","status":"publish","type":"product","link":"https:\/\/taranivanua.de\/?product=amethyst-rudrak-halskette","title":{"rendered":"Amethyst-Rudrak Halskette"},"content":{"rendered":"<p><strong>Material:<\/strong><\/p>\n<p>Edelstein: Amethyst 10mm, 12mm; Rudraksha Beads (Indien) 4mm \/ Tibetan Silver Spacer 4-6mm\/ Mit Verschlu\u00df<\/p>\n<p><strong>Umfang:<\/strong> ca. 41cm<\/p>\n<p>Wundervolle Amethyststeine f\u00fcr deinen Gleichmut und inneren Frieden, umgeben von Rudrak und fein-gravierten Silver-Spacer bringen Ruhe und Sch\u00f6nheit in deine t\u00e4gliche Praxis.<\/p>\n<p>Handmade in Fiji<\/p>\n","protected":false},"excerpt":{"rendered":"<p>Wundervolle Amethyststeine f\u00fcr deinen Gleichmut und inneren Frieden, umgeben von Rudrak und fein-gravierten Silver-Spacer bringen Ruhe und Sch\u00f6nheit in deine t\u00e4gliche Praxis.<\/p>\n","protected":false},"featured_media":354,"template":"","meta":[],"product_cat":[45,41],"product_tag":[],"class_list":{"0":"post-388","1":"product","2":"type-product","3":"status-publish","4":"has-post-thumbnail","6":"product_cat-fashion-schmuck","7":"product_cat-mala-edelstein-halskette","9":"first","10":"instock","11":"sold-individually","12":"purchasable","13":"product-type-simple"},"jetpack_sharing_enabled":true,"_links":{"self":[{"href":"https:\/\/taranivanua.de\/index.php?rest_route=\/wp\/v2\/product\/388","targetHints":{"allow":["GET"]}}],"collection":[{"href":"https:\/\/taranivanua.de\/index.php?rest_route=\/wp\/v2\/product"}],"about":[{"href":"https:\/\/taranivanua.de\/index.php?rest_route=\/wp\/v2\/types\/product"}],"wp:featuredmedia":[{"embeddable":true,"href":"https:\/\/taranivanua.de\/index.php?rest_route=\/wp\/v2\/media\/354"}],"wp:attachment":[{"href":"https:\/\/taranivanua.de\/index.php?rest_route=%2Fwp%2Fv2%2Fmedia&parent=388"}],"wp:term":[{"taxonomy":"product_cat","embeddable":true,"href":"https:\/\/taranivanua.de\/index.php?rest_route=%2Fwp%2Fv2%2Fproduct_cat&post=388"},{"taxonomy":"product_tag","embeddable":true,"href":"https:\/\/taranivanua.de\/index.php?rest_route=%2Fwp%2Fv2%2Fproduct_tag&post=388"}],"curies":[{"name":"wp","href":"https:\/\/api.w.org\/{rel}","templated":true}]}}