{"id":386,"date":"2023-03-30T06:09:43","date_gmt":"2023-03-30T06:09:43","guid":{"rendered":"https:\/\/taranivanua.de\/?post_type=product&#038;p=386"},"modified":"2023-04-22T09:48:50","modified_gmt":"2023-04-22T09:48:50","slug":"baroque-suesswasserperlen-rudrak-halskette","status":"publish","type":"product","link":"https:\/\/taranivanua.de\/?product=baroque-suesswasserperlen-rudrak-halskette","title":{"rendered":"Baroque-S\u00fcsswasserperlen-Rudrak Halskette"},"content":{"rendered":"<p><strong>Material:<\/strong><\/p>\n<p>Lila Baroque-Perlen in bester Qualit\u00e4t 10-12mm; gelbe S\u00fc\u00dfwasserperlen 8mm\/ Rudraksha Beads 7mm \/ Tibetan Silver \/ mit Verschlu\u00df<\/p>\n<p><strong>Umfang:<\/strong> ca. 46cm<\/p>\n<p>Das Spiel von lila Baroque-Pearls und gelben S\u00fc\u00dfwasserperlen, umgeben bei Rudrak und tibetan Silver Spacers, geben dieser Halskette eine verspielt-sakrale Magie. Unsere Lebensfreude wird auf diese Art und Weise nat\u00fcrlich in die Welt transportiert.<\/p>\n<p>Die Perlen stammen aus den S\u00fcdpazifik, die Rudrakshas aus Indien.<\/p>\n<p>Handmade in Fiji<\/p>\n","protected":false},"excerpt":{"rendered":"<p>Das Spiel von lila Baroque-Pearls und gelben S\u00fc\u00dfwasserperlen, umgeben bei Rudrak und tibetan Silver Spacers, geben dieser Halskette ein verspielt, sakralen Magie.<\/p>\n","protected":false},"featured_media":330,"template":"","meta":[],"product_cat":[45,48],"product_tag":[],"class_list":{"0":"post-386","1":"product","2":"type-product","3":"status-publish","4":"has-post-thumbnail","6":"product_cat-fashion-schmuck","7":"product_cat-suesswasserperlen-halskette-schmuck","9":"first","10":"instock","11":"sold-individually","12":"purchasable","13":"product-type-simple"},"jetpack_sharing_enabled":true,"_links":{"self":[{"href":"https:\/\/taranivanua.de\/index.php?rest_route=\/wp\/v2\/product\/386","targetHints":{"allow":["GET"]}}],"collection":[{"href":"https:\/\/taranivanua.de\/index.php?rest_route=\/wp\/v2\/product"}],"about":[{"href":"https:\/\/taranivanua.de\/index.php?rest_route=\/wp\/v2\/types\/product"}],"wp:featuredmedia":[{"embeddable":true,"href":"https:\/\/taranivanua.de\/index.php?rest_route=\/wp\/v2\/media\/330"}],"wp:attachment":[{"href":"https:\/\/taranivanua.de\/index.php?rest_route=%2Fwp%2Fv2%2Fmedia&parent=386"}],"wp:term":[{"taxonomy":"product_cat","embeddable":true,"href":"https:\/\/taranivanua.de\/index.php?rest_route=%2Fwp%2Fv2%2Fproduct_cat&post=386"},{"taxonomy":"product_tag","embeddable":true,"href":"https:\/\/taranivanua.de\/index.php?rest_route=%2Fwp%2Fv2%2Fproduct_tag&post=386"}],"curies":[{"name":"wp","href":"https:\/\/api.w.org\/{rel}","templated":true}]}}