{"id":320,"date":"2023-03-28T06:54:08","date_gmt":"2023-03-28T06:54:08","guid":{"rendered":"https:\/\/taranivanua.de\/?post_type=product&#038;p=320"},"modified":"2023-04-22T09:50:55","modified_gmt":"2023-04-22T09:50:55","slug":"baroque-suesswasserperlen-mala-108","status":"publish","type":"product","link":"https:\/\/taranivanua.de\/?product=baroque-suesswasserperlen-mala-108","title":{"rendered":"Baroque-S\u00fc\u00dfwasserperlen Mala 108"},"content":{"rendered":"<p><strong>Material:<\/strong><\/p>\n<p>Lila Baroque-Pearls 12mm x 10mm \/ Edelstein: Howlith 6mm \/ Zusammen 108 Perlen mit gro\u00dfer, schwarze S\u00fc\u00dfwasserperle als Master Bead 12mm. S\u00fc\u00dfwasserperlen aus dem S\u00fcdpazifik \/ Tibetan Silver<\/p>\n<p><strong>Umfang:<\/strong> ca. 72cm<\/p>\n<p>L\u00e4nge mit Quasste: 44cm<\/p>\n<p>Die Sch\u00f6nheit von S\u00fcdsee und dem balancierenden Einfluss des Howlith machen diese Mala zu einem echten Schmuckst\u00fcck.<\/p>\n<p>Handmade in Fiji<\/p>\n","protected":false},"excerpt":{"rendered":"<p>Fiji-Island beauty meets Indian Tradition, eine echte Mala die deine Gef\u00fchle und deine Energie f\u00fcr eine spirituelles Leben speichert und strahlen l\u00e4sst.<\/p>\n","protected":false},"featured_media":308,"template":"","meta":[],"product_cat":[41,48],"product_tag":[],"class_list":{"0":"post-320","1":"product","2":"type-product","3":"status-publish","4":"has-post-thumbnail","6":"product_cat-mala-edelstein-halskette","7":"product_cat-suesswasserperlen-halskette-schmuck","9":"first","10":"instock","11":"sold-individually","12":"purchasable","13":"product-type-simple"},"jetpack_sharing_enabled":true,"_links":{"self":[{"href":"https:\/\/taranivanua.de\/index.php?rest_route=\/wp\/v2\/product\/320","targetHints":{"allow":["GET"]}}],"collection":[{"href":"https:\/\/taranivanua.de\/index.php?rest_route=\/wp\/v2\/product"}],"about":[{"href":"https:\/\/taranivanua.de\/index.php?rest_route=\/wp\/v2\/types\/product"}],"wp:featuredmedia":[{"embeddable":true,"href":"https:\/\/taranivanua.de\/index.php?rest_route=\/wp\/v2\/media\/308"}],"wp:attachment":[{"href":"https:\/\/taranivanua.de\/index.php?rest_route=%2Fwp%2Fv2%2Fmedia&parent=320"}],"wp:term":[{"taxonomy":"product_cat","embeddable":true,"href":"https:\/\/taranivanua.de\/index.php?rest_route=%2Fwp%2Fv2%2Fproduct_cat&post=320"},{"taxonomy":"product_tag","embeddable":true,"href":"https:\/\/taranivanua.de\/index.php?rest_route=%2Fwp%2Fv2%2Fproduct_tag&post=320"}],"curies":[{"name":"wp","href":"https:\/\/api.w.org\/{rel}","templated":true}]}}