{"id":318,"date":"2023-03-28T06:11:57","date_gmt":"2023-03-28T06:11:57","guid":{"rendered":"https:\/\/taranivanua.de\/?post_type=product&#038;p=318"},"modified":"2023-04-22T09:52:05","modified_gmt":"2023-04-22T09:52:05","slug":"om-mani-padme-hum-halskette","status":"publish","type":"product","link":"https:\/\/taranivanua.de\/?product=om-mani-padme-hum-halskette","title":{"rendered":"Om Mani Padme Hum &#8211; Halskette"},"content":{"rendered":"<p><strong>Material:<\/strong><\/p>\n<p>Gebetsm\u00fchle versilbert 12-22mm mit dem Mantra Om Mani Padme Hum \/ Rudraksha Perlen 6mm\/ Edelstein: Lapsilazuli 8mm; Koralle 4mm \/ Baroque-Pearls lila 12mm x 10mm \/ Tibetan Silver, Messing \/ Mit Verschluss<\/p>\n<p><strong>Umfang:<\/strong> ca. 47cm<\/p>\n<p>Eine m\u00e4chtige kurze Gebets-Halskette mit tibetischem Mantra f\u00fcr sakrale Anl\u00e4sse. Stimuliert deine Konzentrationsf\u00e4higkeit und dein Hals-Chakra um den Gef\u00fchlen und deiner Anrufung freien Lauf zu lassen.<\/p>\n<p>Das Mantra wird dem gro\u00dfen tibetischen Bodhisattva Avalokiteshavara zugeschrieben. Seine universelle Bedeutung liegt im Mitgef\u00fchl und der Liebe. \u00dcbersetzt wird es mit &#8220;Oh du Juwel in der Lotusbl\u00fcte&#8221;<\/p>\n<p>Handmade in Fiji<\/p>\n","protected":false},"excerpt":{"rendered":"<p>Eine m\u00e4chtige kurze Gebets-Halskette mit tibetischem Mantra f\u00fcr sakrale Anl\u00e4sse. Stimuliert deine Konzentrationsf\u00e4higkeit und dein Hals-Chakra um den Gef\u00fchlen und deiner Anrufung freien Lauf zu lassen.<\/p>\n","protected":false},"featured_media":286,"template":"","meta":[],"product_cat":[40],"product_tag":[],"class_list":{"0":"post-318","1":"product","2":"type-product","3":"status-publish","4":"has-post-thumbnail","6":"product_cat-mala-rudraksha-armband","8":"first","9":"instock","10":"sold-individually","11":"purchasable","12":"product-type-simple"},"jetpack_sharing_enabled":true,"_links":{"self":[{"href":"https:\/\/taranivanua.de\/index.php?rest_route=\/wp\/v2\/product\/318","targetHints":{"allow":["GET"]}}],"collection":[{"href":"https:\/\/taranivanua.de\/index.php?rest_route=\/wp\/v2\/product"}],"about":[{"href":"https:\/\/taranivanua.de\/index.php?rest_route=\/wp\/v2\/types\/product"}],"wp:featuredmedia":[{"embeddable":true,"href":"https:\/\/taranivanua.de\/index.php?rest_route=\/wp\/v2\/media\/286"}],"wp:attachment":[{"href":"https:\/\/taranivanua.de\/index.php?rest_route=%2Fwp%2Fv2%2Fmedia&parent=318"}],"wp:term":[{"taxonomy":"product_cat","embeddable":true,"href":"https:\/\/taranivanua.de\/index.php?rest_route=%2Fwp%2Fv2%2Fproduct_cat&post=318"},{"taxonomy":"product_tag","embeddable":true,"href":"https:\/\/taranivanua.de\/index.php?rest_route=%2Fwp%2Fv2%2Fproduct_tag&post=318"}],"curies":[{"name":"wp","href":"https:\/\/api.w.org\/{rel}","templated":true}]}}