{"id":317,"date":"2023-03-28T05:58:46","date_gmt":"2023-03-28T05:58:46","guid":{"rendered":"https:\/\/taranivanua.de\/?post_type=product&#038;p=317"},"modified":"2023-04-22T09:52:32","modified_gmt":"2023-04-22T09:52:32","slug":"lapis-labrador-perlen-halskette","status":"publish","type":"product","link":"https:\/\/taranivanua.de\/?product=lapis-labrador-perlen-halskette","title":{"rendered":"Lapis-Labrador-Perlen Halskette"},"content":{"rendered":"<p><strong>Material:<\/strong><\/p>\n<p>Edelstein: Lapislazuli 10mm \/ Gelbe S\u00fc\u00dfwasserperlen 8mm \/ Anh\u00e4nger: Labrador 2,5\u00a0 x 3,5cm<\/p>\n<p><strong>Umfang:<\/strong> ca. 61cm<\/p>\n<p><strong>L\u00e4nge mit Anh\u00e4nger:<\/strong> 35cm<\/p>\n<p>Der Labrador-Edelstein ist der Stein der K\u00fcnstlerInnen &#8211; er befl\u00fcgelt deine Phantasie. Die strahlend-gelben S\u00fc\u00dfwasserperlen vermitteln dein F\u00fchlen und Initimt\u00e4t. Der Lapislazuli l\u00e4sst alle zusammen in gro\u00dfer Konzentriertheit und Ausgerichtetheit erscheinen. Ein einmaliges Schmuckst\u00fcck und ein echtes Eye-Candy.<\/p>\n<p>Handmade in Fiji<\/p>\n","protected":false},"excerpt":{"rendered":"<p>Der Labrador-Edelstein ist der Stein der K\u00fcnstlerInnen &#8211; er befl\u00fcgelt deine Phantasie. Die strahlend-gelben S\u00fc\u00dfwasserperlen vermitteln dein F\u00fchlen und Initimt\u00e4t. Der Lapislazuli l\u00e4sst alle zusammen in gro\u00dfer Konzentriertheit und Ausgerichtetheit erscheinen.<\/p>\n","protected":false},"featured_media":296,"template":"","meta":[],"product_cat":[45,41],"product_tag":[],"class_list":{"0":"post-317","1":"product","2":"type-product","3":"status-publish","4":"has-post-thumbnail","6":"product_cat-fashion-schmuck","7":"product_cat-mala-edelstein-halskette","9":"first","10":"instock","11":"sold-individually","12":"purchasable","13":"product-type-simple"},"jetpack_sharing_enabled":true,"_links":{"self":[{"href":"https:\/\/taranivanua.de\/index.php?rest_route=\/wp\/v2\/product\/317","targetHints":{"allow":["GET"]}}],"collection":[{"href":"https:\/\/taranivanua.de\/index.php?rest_route=\/wp\/v2\/product"}],"about":[{"href":"https:\/\/taranivanua.de\/index.php?rest_route=\/wp\/v2\/types\/product"}],"wp:featuredmedia":[{"embeddable":true,"href":"https:\/\/taranivanua.de\/index.php?rest_route=\/wp\/v2\/media\/296"}],"wp:attachment":[{"href":"https:\/\/taranivanua.de\/index.php?rest_route=%2Fwp%2Fv2%2Fmedia&parent=317"}],"wp:term":[{"taxonomy":"product_cat","embeddable":true,"href":"https:\/\/taranivanua.de\/index.php?rest_route=%2Fwp%2Fv2%2Fproduct_cat&post=317"},{"taxonomy":"product_tag","embeddable":true,"href":"https:\/\/taranivanua.de\/index.php?rest_route=%2Fwp%2Fv2%2Fproduct_tag&post=317"}],"curies":[{"name":"wp","href":"https:\/\/api.w.org\/{rel}","templated":true}]}}