{"id":268,"date":"2023-03-25T14:23:34","date_gmt":"2023-03-25T14:23:34","guid":{"rendered":"https:\/\/taranivanua.de\/?post_type=product&#038;p=268"},"modified":"2023-04-22T09:55:34","modified_gmt":"2023-04-22T09:55:34","slug":"baroque-pearl-yellow-halskette","status":"publish","type":"product","link":"https:\/\/taranivanua.de\/?product=baroque-pearl-yellow-halskette","title":{"rendered":"Baroque-Pearl Yellow Halskette"},"content":{"rendered":"<p><strong>Material:<\/strong><\/p>\n<p>Baroque-Pearls lila 10-12mm, S\u00fc\u00dfwasserperle gelb 8mm \/ Rudraksha Beads 4mm \/ mit Verschlu\u00df<\/p>\n<p><strong>Umfang:<\/strong> ca. 42cm<\/p>\n<p>Sehr sch\u00f6ne Baroque-Pearls in Lila, die den Namen wegen ihrer strukturierten und nat\u00fcrlich gewachsenen und ovalen Form erhalten haben. Als &#8220;Spacer&#8221; seht ihr anmutige Rudraksha Beads aus Indien. Das leuchtende gelb der S\u00fcsswasserperlen verst\u00e4rkt den Charakter der Baroque-Pearls. Beide Perlen kommen aus den S\u00fcdpazifik.<\/p>\n<p>Das Armband ist bestens dazu geeignet seinen Gef\u00fchlen ihren freien Lauf zu lassen.<\/p>\n<p>Handmade in Fiji<\/p>\n","protected":false},"excerpt":{"rendered":"<p>Baroque-Pearl in Lila mit gelben S\u00fc\u00dfwasserperlen Halskette &#8211;\u00a0 wenn echte Gef\u00fchle abheben wollen.<\/p>\n","protected":false},"featured_media":281,"template":"","meta":[],"product_cat":[45,48],"product_tag":[],"class_list":{"0":"post-268","1":"product","2":"type-product","3":"status-publish","4":"has-post-thumbnail","6":"product_cat-fashion-schmuck","7":"product_cat-suesswasserperlen-halskette-schmuck","9":"first","10":"instock","11":"sold-individually","12":"purchasable","13":"product-type-simple"},"jetpack_sharing_enabled":true,"_links":{"self":[{"href":"https:\/\/taranivanua.de\/index.php?rest_route=\/wp\/v2\/product\/268","targetHints":{"allow":["GET"]}}],"collection":[{"href":"https:\/\/taranivanua.de\/index.php?rest_route=\/wp\/v2\/product"}],"about":[{"href":"https:\/\/taranivanua.de\/index.php?rest_route=\/wp\/v2\/types\/product"}],"wp:featuredmedia":[{"embeddable":true,"href":"https:\/\/taranivanua.de\/index.php?rest_route=\/wp\/v2\/media\/281"}],"wp:attachment":[{"href":"https:\/\/taranivanua.de\/index.php?rest_route=%2Fwp%2Fv2%2Fmedia&parent=268"}],"wp:term":[{"taxonomy":"product_cat","embeddable":true,"href":"https:\/\/taranivanua.de\/index.php?rest_route=%2Fwp%2Fv2%2Fproduct_cat&post=268"},{"taxonomy":"product_tag","embeddable":true,"href":"https:\/\/taranivanua.de\/index.php?rest_route=%2Fwp%2Fv2%2Fproduct_tag&post=268"}],"curies":[{"name":"wp","href":"https:\/\/api.w.org\/{rel}","templated":true}]}}