{"id":247,"date":"2023-03-22T13:25:10","date_gmt":"2023-03-22T13:25:10","guid":{"rendered":"https:\/\/taranivanua.de\/?post_type=product&#038;p=247"},"modified":"2023-04-22T09:36:16","modified_gmt":"2023-04-22T09:36:16","slug":"turmalin-halskette","status":"publish","type":"product","link":"https:\/\/taranivanua.de\/?product=turmalin-halskette","title":{"rendered":"Turmalin Halskette"},"content":{"rendered":"<p><strong>Material:<\/strong><\/p>\n<p>Edelsteine: Turmalin 10mm\/ Mit Verschluss<\/p>\n<p><strong>Umfang:\u00a0<\/strong> ca. 46cm<\/p>\n<p>Der Edelstein Turmalin gilt als starker Schutzstein, der uns vor negativen Energien und Emotionen sch\u00fctzen kann. F\u00fcr alle die schwierige Situationen und Lebenslagen Unterst\u00fctzung brauchen. Nach dem Gebrauch die Edelsteine unter flie\u00dfendem Wasser reinigen und f\u00fcr einige Stunden in die Sonne legen.<\/p>\n<p>Handmade in Fiji<\/p>\n","protected":false},"excerpt":{"rendered":"<p>Der Edelstein Turmalin gilt als starker Schutzstein, der uns vor negativen Energien und Emotionen sch\u00fctzen kann.<\/p>\n","protected":false},"featured_media":214,"template":"","meta":[],"product_cat":[41],"product_tag":[],"class_list":{"0":"post-247","1":"product","2":"type-product","3":"status-publish","4":"has-post-thumbnail","6":"product_cat-mala-edelstein-halskette","8":"first","9":"instock","10":"sold-individually","11":"purchasable","12":"product-type-simple"},"jetpack_sharing_enabled":true,"_links":{"self":[{"href":"https:\/\/taranivanua.de\/index.php?rest_route=\/wp\/v2\/product\/247","targetHints":{"allow":["GET"]}}],"collection":[{"href":"https:\/\/taranivanua.de\/index.php?rest_route=\/wp\/v2\/product"}],"about":[{"href":"https:\/\/taranivanua.de\/index.php?rest_route=\/wp\/v2\/types\/product"}],"wp:featuredmedia":[{"embeddable":true,"href":"https:\/\/taranivanua.de\/index.php?rest_route=\/wp\/v2\/media\/214"}],"wp:attachment":[{"href":"https:\/\/taranivanua.de\/index.php?rest_route=%2Fwp%2Fv2%2Fmedia&parent=247"}],"wp:term":[{"taxonomy":"product_cat","embeddable":true,"href":"https:\/\/taranivanua.de\/index.php?rest_route=%2Fwp%2Fv2%2Fproduct_cat&post=247"},{"taxonomy":"product_tag","embeddable":true,"href":"https:\/\/taranivanua.de\/index.php?rest_route=%2Fwp%2Fv2%2Fproduct_tag&post=247"}],"curies":[{"name":"wp","href":"https:\/\/api.w.org\/{rel}","templated":true}]}}