{"id":246,"date":"2023-03-22T13:21:37","date_gmt":"2023-03-22T13:21:37","guid":{"rendered":"https:\/\/taranivanua.de\/?post_type=product&#038;p=246"},"modified":"2023-04-22T09:36:52","modified_gmt":"2023-04-22T09:36:52","slug":"howlith-kokosnuss-armband","status":"publish","type":"product","link":"https:\/\/taranivanua.de\/?product=howlith-kokosnuss-armband","title":{"rendered":"Howlith-Kokosnuss Armband"},"content":{"rendered":"<p><strong>Material:<\/strong><\/p>\n<p>Kokosnussschalen 10mm \/ Edelsteine: Howlith 8mm, Obsidian 10mm<\/p>\n<p>Schickes Armband, das wunderbar mit luftigen, leichten Klamotten variert.<\/p>\n<p>Handmade in Fiji<\/p>\n","protected":false},"excerpt":{"rendered":"<p>Vermittelt ein Gef\u00fchl von Leichtigkeit und Urlaub. Ein schickes Armband f\u00fcr Fr\u00fchling und Sommer.<\/p>\n","protected":false},"featured_media":229,"template":"","meta":[],"product_cat":[45,42],"product_tag":[],"class_list":{"0":"post-246","1":"product","2":"type-product","3":"status-publish","4":"has-post-thumbnail","6":"product_cat-fashion-schmuck","7":"product_cat-mala-edelstein-armband","9":"first","10":"instock","11":"sold-individually","12":"purchasable","13":"product-type-simple"},"jetpack_sharing_enabled":true,"_links":{"self":[{"href":"https:\/\/taranivanua.de\/index.php?rest_route=\/wp\/v2\/product\/246","targetHints":{"allow":["GET"]}}],"collection":[{"href":"https:\/\/taranivanua.de\/index.php?rest_route=\/wp\/v2\/product"}],"about":[{"href":"https:\/\/taranivanua.de\/index.php?rest_route=\/wp\/v2\/types\/product"}],"wp:featuredmedia":[{"embeddable":true,"href":"https:\/\/taranivanua.de\/index.php?rest_route=\/wp\/v2\/media\/229"}],"wp:attachment":[{"href":"https:\/\/taranivanua.de\/index.php?rest_route=%2Fwp%2Fv2%2Fmedia&parent=246"}],"wp:term":[{"taxonomy":"product_cat","embeddable":true,"href":"https:\/\/taranivanua.de\/index.php?rest_route=%2Fwp%2Fv2%2Fproduct_cat&post=246"},{"taxonomy":"product_tag","embeddable":true,"href":"https:\/\/taranivanua.de\/index.php?rest_route=%2Fwp%2Fv2%2Fproduct_tag&post=246"}],"curies":[{"name":"wp","href":"https:\/\/api.w.org\/{rel}","templated":true}]}}