{"id":241,"date":"2023-03-22T12:58:38","date_gmt":"2023-03-22T12:58:38","guid":{"rendered":"https:\/\/taranivanua.de\/?post_type=product&#038;p=241"},"modified":"2023-04-22T09:38:49","modified_gmt":"2023-04-22T09:38:49","slug":"muschel-perlen-lava-halskette","status":"publish","type":"product","link":"https:\/\/taranivanua.de\/?product=muschel-perlen-lava-halskette","title":{"rendered":"Muschel-Perlen-Lava Halskette"},"content":{"rendered":"<p><strong>Material:<\/strong><\/p>\n<p>Muschel von der Insel Taveuni &#8211; Fiji Islands<\/p>\n<p>Lavastein 10mm, 8mm \/ Edelstein: Tree-Jasper 6mm \/ Runde S\u00fc\u00dfwasserperle gelb von dem S\u00fcdpazifik 8mm \/ Mit Verschlu\u00df<\/p>\n<p><strong>Umfang:<\/strong> 44cm<\/p>\n<p><strong>L\u00e4nge mit Anh\u00e4nger<\/strong>: 27cm<\/p>\n<p>Eine wundersch\u00f6ne Muschel mit dezenter gelb-orange F\u00e4rbung mit Tigerstreifen, deren Frabenspiel sich in den Perlen und Steinen fortsetzt. Tropische Hitze, unber\u00fchrte Natur und Sonne legt sich um unseren Hals.<\/p>\n<p>Die Muschel wurde von uns an eimem der zauberhaften Str\u00e4nde der Insel Taveuni gefunden.<\/p>\n<p>Wir benutzen nur Muscheln, die bereits &#8220;tot&#8221; sind und die ordnungsgem\u00e4\u00df von den Beh\u00f6rden in Fiji zum Export freigegeben wurden.<\/p>\n<p>Handmade in Fiji<\/p>\n","protected":false},"excerpt":{"rendered":"<p>Eine wundersch\u00f6ne Muschel mit dezenter gelb-orange F\u00e4rbung mit Tigerstreifen deren Frabenspiel sich in den Perlen und Steinen fortsetzt.<\/p>\n","protected":false},"featured_media":230,"template":"","meta":[],"product_cat":[45,48],"product_tag":[],"class_list":{"0":"post-241","1":"product","2":"type-product","3":"status-publish","4":"has-post-thumbnail","6":"product_cat-fashion-schmuck","7":"product_cat-suesswasserperlen-halskette-schmuck","9":"first","10":"instock","11":"sold-individually","12":"purchasable","13":"product-type-simple"},"jetpack_sharing_enabled":true,"_links":{"self":[{"href":"https:\/\/taranivanua.de\/index.php?rest_route=\/wp\/v2\/product\/241","targetHints":{"allow":["GET"]}}],"collection":[{"href":"https:\/\/taranivanua.de\/index.php?rest_route=\/wp\/v2\/product"}],"about":[{"href":"https:\/\/taranivanua.de\/index.php?rest_route=\/wp\/v2\/types\/product"}],"wp:featuredmedia":[{"embeddable":true,"href":"https:\/\/taranivanua.de\/index.php?rest_route=\/wp\/v2\/media\/230"}],"wp:attachment":[{"href":"https:\/\/taranivanua.de\/index.php?rest_route=%2Fwp%2Fv2%2Fmedia&parent=241"}],"wp:term":[{"taxonomy":"product_cat","embeddable":true,"href":"https:\/\/taranivanua.de\/index.php?rest_route=%2Fwp%2Fv2%2Fproduct_cat&post=241"},{"taxonomy":"product_tag","embeddable":true,"href":"https:\/\/taranivanua.de\/index.php?rest_route=%2Fwp%2Fv2%2Fproduct_tag&post=241"}],"curies":[{"name":"wp","href":"https:\/\/api.w.org\/{rel}","templated":true}]}}