{"id":240,"date":"2023-03-22T12:53:33","date_gmt":"2023-03-22T12:53:33","guid":{"rendered":"https:\/\/taranivanua.de\/?post_type=product&#038;p=240"},"modified":"2023-04-22T09:39:21","modified_gmt":"2023-04-22T09:39:21","slug":"kauri-jasper-lava-perlen-halskette","status":"publish","type":"product","link":"https:\/\/taranivanua.de\/?product=kauri-jasper-lava-perlen-halskette","title":{"rendered":"Kauri-Jasper-Lava-Perlen Halskette"},"content":{"rendered":"<p><strong>Material:<\/strong><\/p>\n<p>Kauri-Muschel von den Fiji Islands \/ Lavastein 10mm \/ Baroque-S\u00fcsswasserperlen dunkles lila 10-12mm \/ Edelsteine: Howlith 10mm, 6mm;\u00a0 Tree-Jasper 6mm,<\/p>\n<p><strong>Umfang:<\/strong> 76cm<\/p>\n<p><strong>L\u00e4nge mit Anh\u00e4nger<\/strong>: 45cm<\/p>\n<p>Eine Kauri-Muschel Halskette, welche das intensive Leben mit der Natur auf den tropischen Vulkangestein-Inseln repr\u00e4sentiert. Mit dem wei\u00dfen Licht des Howlith, dem schwarzen Vulkanfelsen die ins Meer hineinragen und dem zarten hellen braun des Jasper-Steins.<\/p>\n<p>Wir benutzen nur Muscheln, die bereits &#8220;tot&#8221; sind und die ordnungsgem\u00e4\u00df von den Beh\u00f6rden in Fiji zum Export freigegeben wurden.<\/p>\n<p>Handmade in Fiji<\/p>\n","protected":false},"excerpt":{"rendered":"<p>Eine Kauri-Muschel Halskette, welche das intensive Leben mit der Natur auf den tropischen Vulkangestein-Inseln repr\u00e4sentiert.<\/p>\n","protected":false},"featured_media":233,"template":"","meta":[],"product_cat":[45,41,48],"product_tag":[],"class_list":{"0":"post-240","1":"product","2":"type-product","3":"status-publish","4":"has-post-thumbnail","6":"product_cat-fashion-schmuck","7":"product_cat-mala-edelstein-halskette","8":"product_cat-suesswasserperlen-halskette-schmuck","10":"first","11":"outofstock","12":"sold-individually","13":"purchasable","14":"product-type-simple"},"jetpack_sharing_enabled":true,"_links":{"self":[{"href":"https:\/\/taranivanua.de\/index.php?rest_route=\/wp\/v2\/product\/240","targetHints":{"allow":["GET"]}}],"collection":[{"href":"https:\/\/taranivanua.de\/index.php?rest_route=\/wp\/v2\/product"}],"about":[{"href":"https:\/\/taranivanua.de\/index.php?rest_route=\/wp\/v2\/types\/product"}],"wp:featuredmedia":[{"embeddable":true,"href":"https:\/\/taranivanua.de\/index.php?rest_route=\/wp\/v2\/media\/233"}],"wp:attachment":[{"href":"https:\/\/taranivanua.de\/index.php?rest_route=%2Fwp%2Fv2%2Fmedia&parent=240"}],"wp:term":[{"taxonomy":"product_cat","embeddable":true,"href":"https:\/\/taranivanua.de\/index.php?rest_route=%2Fwp%2Fv2%2Fproduct_cat&post=240"},{"taxonomy":"product_tag","embeddable":true,"href":"https:\/\/taranivanua.de\/index.php?rest_route=%2Fwp%2Fv2%2Fproduct_tag&post=240"}],"curies":[{"name":"wp","href":"https:\/\/api.w.org\/{rel}","templated":true}]}}