{"id":239,"date":"2023-03-22T12:51:05","date_gmt":"2023-03-22T12:51:05","guid":{"rendered":"https:\/\/taranivanua.de\/?post_type=product&#038;p=239"},"modified":"2023-04-22T09:39:50","modified_gmt":"2023-04-22T09:39:50","slug":"baroque-pearl-peach-armband","status":"publish","type":"product","link":"https:\/\/taranivanua.de\/?product=baroque-pearl-peach-armband","title":{"rendered":"Baroque-Pearl Peach Armband"},"content":{"rendered":"<p><strong>Material:<\/strong><\/p>\n<p>Baroque-Pearls lila oval\u00a0 10- 12mm, pfirsichfarbene S\u00fc\u00dfwasserperlen 8mm \/ mit Verschlu\u00df<\/p>\n<p><strong>Umfang:<\/strong> ca. 20cm<\/p>\n<p>Sehr sch\u00f6ne Baroque-Pearls in Lila, die den Namen wegen ihrer strukturierten und unregelm\u00e4\u00dfigen Form erhalten haben, in Gesellschaft von pfirsichfarbenen S\u00fcsswasserperlen. Perlen\u00a0 kommen aus den S\u00fcdpazifik.<\/p>\n<p>Das Armband ist bestens dazu geeignet seinen Gef\u00fchlen ihren Lauf zu lassen.<\/p>\n<p>Handmade in Fiji<\/p>\n","protected":false},"excerpt":{"rendered":"<p>Baroque-Pearl in Lila\u00a0 mit pfirsichfarbenen S\u00fc\u00dfwasserperlen &#8211;\u00a0 wenn echte Gef\u00fchle abheben wollen.<\/p>\n","protected":false},"featured_media":236,"template":"","meta":[],"product_cat":[49],"product_tag":[],"class_list":{"0":"post-239","1":"product","2":"type-product","3":"status-publish","4":"has-post-thumbnail","6":"product_cat-suesswasserperlen-armband","8":"first","9":"instock","10":"sold-individually","11":"purchasable","12":"product-type-simple"},"jetpack_sharing_enabled":true,"_links":{"self":[{"href":"https:\/\/taranivanua.de\/index.php?rest_route=\/wp\/v2\/product\/239","targetHints":{"allow":["GET"]}}],"collection":[{"href":"https:\/\/taranivanua.de\/index.php?rest_route=\/wp\/v2\/product"}],"about":[{"href":"https:\/\/taranivanua.de\/index.php?rest_route=\/wp\/v2\/types\/product"}],"wp:featuredmedia":[{"embeddable":true,"href":"https:\/\/taranivanua.de\/index.php?rest_route=\/wp\/v2\/media\/236"}],"wp:attachment":[{"href":"https:\/\/taranivanua.de\/index.php?rest_route=%2Fwp%2Fv2%2Fmedia&parent=239"}],"wp:term":[{"taxonomy":"product_cat","embeddable":true,"href":"https:\/\/taranivanua.de\/index.php?rest_route=%2Fwp%2Fv2%2Fproduct_cat&post=239"},{"taxonomy":"product_tag","embeddable":true,"href":"https:\/\/taranivanua.de\/index.php?rest_route=%2Fwp%2Fv2%2Fproduct_tag&post=239"}],"curies":[{"name":"wp","href":"https:\/\/api.w.org\/{rel}","templated":true}]}}