{"id":219,"date":"2023-03-22T08:37:38","date_gmt":"2023-03-22T08:37:38","guid":{"rendered":"https:\/\/taranivanua.de\/?post_type=product&#038;p=219"},"modified":"2023-04-22T09:43:29","modified_gmt":"2023-04-22T09:43:29","slug":"austernperle-rosenquarz-halskette","status":"publish","type":"product","link":"https:\/\/taranivanua.de\/?product=austernperle-rosenquarz-halskette","title":{"rendered":"Austernperle-Rosenquarz Halskette"},"content":{"rendered":"<p><strong>Material:<\/strong><\/p>\n<p>Gro\u00dfe Austernperle aus dem S\u00fcdpazifik 280mm -200mm<\/p>\n<p>Edelsteine: Rosenquarz 10mm, 8mm ; Karneol 6mm<\/p>\n<p><strong>Umfang:<\/strong> 66cm<\/p>\n<p><strong>L\u00e4nge mit Anh\u00e4nger<\/strong>: 37,5 cm<\/p>\n<p>Ein Austern-Halskette, die ein frohes Gem\u00fct vermittelt und Gef\u00fchlen und Sensibilit\u00e4t nach au\u00dfen sendet. Eye-Catcher!<\/p>\n<p>Handmade in Fiji<\/p>\n","protected":false},"excerpt":{"rendered":"<p>Ein besondere Austern-Perle in der Farbe creme-weiss. Harmoniert perfekt mit dem Rosenquarz und schenkt ein Gef\u00fchl von Liebe und Harmonie.<\/p>\n","protected":false},"featured_media":208,"template":"","meta":[],"product_cat":[45,41,48],"product_tag":[],"class_list":{"0":"post-219","1":"product","2":"type-product","3":"status-publish","4":"has-post-thumbnail","6":"product_cat-fashion-schmuck","7":"product_cat-mala-edelstein-halskette","8":"product_cat-suesswasserperlen-halskette-schmuck","10":"first","11":"instock","12":"sold-individually","13":"purchasable","14":"product-type-simple"},"jetpack_sharing_enabled":true,"_links":{"self":[{"href":"https:\/\/taranivanua.de\/index.php?rest_route=\/wp\/v2\/product\/219","targetHints":{"allow":["GET"]}}],"collection":[{"href":"https:\/\/taranivanua.de\/index.php?rest_route=\/wp\/v2\/product"}],"about":[{"href":"https:\/\/taranivanua.de\/index.php?rest_route=\/wp\/v2\/types\/product"}],"wp:featuredmedia":[{"embeddable":true,"href":"https:\/\/taranivanua.de\/index.php?rest_route=\/wp\/v2\/media\/208"}],"wp:attachment":[{"href":"https:\/\/taranivanua.de\/index.php?rest_route=%2Fwp%2Fv2%2Fmedia&parent=219"}],"wp:term":[{"taxonomy":"product_cat","embeddable":true,"href":"https:\/\/taranivanua.de\/index.php?rest_route=%2Fwp%2Fv2%2Fproduct_cat&post=219"},{"taxonomy":"product_tag","embeddable":true,"href":"https:\/\/taranivanua.de\/index.php?rest_route=%2Fwp%2Fv2%2Fproduct_tag&post=219"}],"curies":[{"name":"wp","href":"https:\/\/api.w.org\/{rel}","templated":true}]}}