{"id":197,"date":"2023-03-21T09:49:28","date_gmt":"2023-03-21T09:49:28","guid":{"rendered":"https:\/\/taranivanua.de\/?post_type=product&#038;p=197"},"modified":"2023-04-22T09:43:58","modified_gmt":"2023-04-22T09:43:58","slug":"om-mani-padme-hum-armband","status":"publish","type":"product","link":"https:\/\/taranivanua.de\/?product=om-mani-padme-hum-armband","title":{"rendered":"Om Mani Padme Hum &#8211; Armband"},"content":{"rendered":"<p><strong>Material:<\/strong><\/p>\n<p>Gebetsm\u00fchle versilbert 12-22mm mit dem Mantra &#8220;Om Mani Padme Hum&#8221; \/ Rudraksha Perlen 5mm \/ Edelstein: T\u00fcrkis 8mm, Lapislazuli 8mm \/ Tibetan Silver<\/p>\n<p><strong>Umfang:<\/strong> 18- 19cm<\/p>\n<p>Ein wundersch\u00f6nes Armband mit tibetischem Mantra f\u00fcr sakrale Anl\u00e4sse. Stimuliert Konzentration und das Ausgerichtet-Sein auf das Westentliche.<\/p>\n<p>Das Mantra wird dem gro\u00dfen tibetischen Bodhisattva Avakokitesshavara zugeschrieben. Seine universelle Bedeutung liegt im Mitgef\u00fchl und der Liebe. \u00dcbersetzt wird es mit &#8220;Oh, Du Juwel in der Lotusbl\u00fcte.&#8221;<\/p>\n<p>&nbsp;<\/p>\n<p>Handmade in Fiji<\/p>\n","protected":false},"excerpt":{"rendered":"<p>Ein wundersch\u00f6nes Armband mit tibetischem Mantra f\u00fcr sakrale Anl\u00e4sse. Stimuliert Konzentration und das Ausgerichtet-Sein auf das Westentliche.<\/p>\n","protected":false},"featured_media":164,"template":"","meta":[],"product_cat":[42,40],"product_tag":[],"class_list":{"0":"post-197","1":"product","2":"type-product","3":"status-publish","4":"has-post-thumbnail","6":"product_cat-mala-edelstein-armband","7":"product_cat-mala-rudraksha-armband","9":"first","10":"instock","11":"sold-individually","12":"purchasable","13":"product-type-simple"},"jetpack_sharing_enabled":true,"_links":{"self":[{"href":"https:\/\/taranivanua.de\/index.php?rest_route=\/wp\/v2\/product\/197","targetHints":{"allow":["GET"]}}],"collection":[{"href":"https:\/\/taranivanua.de\/index.php?rest_route=\/wp\/v2\/product"}],"about":[{"href":"https:\/\/taranivanua.de\/index.php?rest_route=\/wp\/v2\/types\/product"}],"wp:featuredmedia":[{"embeddable":true,"href":"https:\/\/taranivanua.de\/index.php?rest_route=\/wp\/v2\/media\/164"}],"wp:attachment":[{"href":"https:\/\/taranivanua.de\/index.php?rest_route=%2Fwp%2Fv2%2Fmedia&parent=197"}],"wp:term":[{"taxonomy":"product_cat","embeddable":true,"href":"https:\/\/taranivanua.de\/index.php?rest_route=%2Fwp%2Fv2%2Fproduct_cat&post=197"},{"taxonomy":"product_tag","embeddable":true,"href":"https:\/\/taranivanua.de\/index.php?rest_route=%2Fwp%2Fv2%2Fproduct_tag&post=197"}],"curies":[{"name":"wp","href":"https:\/\/api.w.org\/{rel}","templated":true}]}}