{"id":148,"date":"2023-03-19T10:37:18","date_gmt":"2023-03-19T10:37:18","guid":{"rendered":"https:\/\/taranivanua.de\/?post_type=product&#038;p=148"},"modified":"2023-04-22T09:31:22","modified_gmt":"2023-04-22T09:31:22","slug":"baroque-pearl-armband","status":"publish","type":"product","link":"https:\/\/taranivanua.de\/?product=baroque-pearl-armband","title":{"rendered":"Baroque-Pearl Armband"},"content":{"rendered":"<p><strong>Material:<\/strong><\/p>\n<p>Baroque-Pearls lila oval\u00a0 12mm \/ Messing \/ mit Verschlu\u00df<\/p>\n<p><strong>Umfang:<\/strong> 21cm<\/p>\n<p>Sehr sch\u00f6ne Baroque-Pearls in Lila, die den Namen wegen ihrer strukturierten und unregelm\u00e4\u00dfigen Form erhalten haben.\u00a0 S\u00fcsswasserperlen kommen aus den S\u00fcdpazifik.<\/p>\n<p>Das Armband ist bestens dazu geeignet seinen Gef\u00fchlen ihren Lauf zu lassen.<\/p>\n<p>Handmade in Fiji<\/p>\n","protected":false},"excerpt":{"rendered":"<p>Baroque-Pearl in Lila\u00a0 &#8211;\u00a0 wenn echte Gef\u00fchle abheben wollen.<\/p>\n","protected":false},"featured_media":112,"template":"","meta":[],"product_cat":[49],"product_tag":[],"class_list":{"0":"post-148","1":"product","2":"type-product","3":"status-publish","4":"has-post-thumbnail","6":"product_cat-suesswasserperlen-armband","8":"first","9":"instock","10":"sold-individually","11":"purchasable","12":"product-type-simple"},"jetpack_sharing_enabled":true,"_links":{"self":[{"href":"https:\/\/taranivanua.de\/index.php?rest_route=\/wp\/v2\/product\/148","targetHints":{"allow":["GET"]}}],"collection":[{"href":"https:\/\/taranivanua.de\/index.php?rest_route=\/wp\/v2\/product"}],"about":[{"href":"https:\/\/taranivanua.de\/index.php?rest_route=\/wp\/v2\/types\/product"}],"wp:featuredmedia":[{"embeddable":true,"href":"https:\/\/taranivanua.de\/index.php?rest_route=\/wp\/v2\/media\/112"}],"wp:attachment":[{"href":"https:\/\/taranivanua.de\/index.php?rest_route=%2Fwp%2Fv2%2Fmedia&parent=148"}],"wp:term":[{"taxonomy":"product_cat","embeddable":true,"href":"https:\/\/taranivanua.de\/index.php?rest_route=%2Fwp%2Fv2%2Fproduct_cat&post=148"},{"taxonomy":"product_tag","embeddable":true,"href":"https:\/\/taranivanua.de\/index.php?rest_route=%2Fwp%2Fv2%2Fproduct_tag&post=148"}],"curies":[{"name":"wp","href":"https:\/\/api.w.org\/{rel}","templated":true}]}}