{"id":146,"date":"2023-03-19T10:03:08","date_gmt":"2023-03-19T10:03:08","guid":{"rendered":"https:\/\/taranivanua.de\/?post_type=product&#038;p=146"},"modified":"2023-04-22T09:32:36","modified_gmt":"2023-04-22T09:32:36","slug":"muschel-lavastein-perlenkette-tabua-taveuni-beach","status":"publish","type":"product","link":"https:\/\/taranivanua.de\/?product=muschel-lavastein-perlenkette-tabua-taveuni-beach","title":{"rendered":"Muschel Lavastein-Perlenkette Tabua &#8211; Taveuni Beach"},"content":{"rendered":"<p><strong>Material:<\/strong><\/p>\n<p>Muschel von der Insel Taveuni &#8211; Fiji Islands<\/p>\n<p>S\u00fcsswasserperlen 1a Qualit\u00e4t in wei\u00df\u00a0 12mm \/ Lavastein 10mm \/ Edelsteine: Tree-Jasper 10mm \/ Tibetan Silver<\/p>\n<p><strong>Umfang:<\/strong> 66cm<\/p>\n<p><strong>L\u00e4nge mit Anh\u00e4nger<\/strong>: 37cm<\/p>\n<p>Ein Muschel von Taveuni, geformt wir ein Tabua (Walfischzahn), schwarzem Lavastein und braunem Jasper mit weissen, gro\u00dfen S\u00fcsswasserperlen aus den S\u00fcdpazifik.<\/p>\n<p>Wir benutzen nur Muscheln, die bereits &#8220;tot&#8221; sind und die ordnungsgem\u00e4\u00df von den Beh\u00f6rden in Fiji zum Export freigegeben wurden.<\/p>\n<p>Handmade in Fiji<\/p>\n","protected":false},"excerpt":{"rendered":"<p>Muschel Lavastein-Perlenkette Tabua &#8211; eine sehr kraftvolle Halskette mit dem Feuer von Lava und dem Gleichmut und der Anmut von Jasper und Perle.<\/p>\n","protected":false},"featured_media":96,"template":"","meta":[],"product_cat":[45,41],"product_tag":[],"class_list":{"0":"post-146","1":"product","2":"type-product","3":"status-publish","4":"has-post-thumbnail","6":"product_cat-fashion-schmuck","7":"product_cat-mala-edelstein-halskette","9":"first","10":"instock","11":"sold-individually","12":"purchasable","13":"product-type-simple"},"jetpack_sharing_enabled":true,"_links":{"self":[{"href":"https:\/\/taranivanua.de\/index.php?rest_route=\/wp\/v2\/product\/146","targetHints":{"allow":["GET"]}}],"collection":[{"href":"https:\/\/taranivanua.de\/index.php?rest_route=\/wp\/v2\/product"}],"about":[{"href":"https:\/\/taranivanua.de\/index.php?rest_route=\/wp\/v2\/types\/product"}],"wp:featuredmedia":[{"embeddable":true,"href":"https:\/\/taranivanua.de\/index.php?rest_route=\/wp\/v2\/media\/96"}],"wp:attachment":[{"href":"https:\/\/taranivanua.de\/index.php?rest_route=%2Fwp%2Fv2%2Fmedia&parent=146"}],"wp:term":[{"taxonomy":"product_cat","embeddable":true,"href":"https:\/\/taranivanua.de\/index.php?rest_route=%2Fwp%2Fv2%2Fproduct_cat&post=146"},{"taxonomy":"product_tag","embeddable":true,"href":"https:\/\/taranivanua.de\/index.php?rest_route=%2Fwp%2Fv2%2Fproduct_tag&post=146"}],"curies":[{"name":"wp","href":"https:\/\/api.w.org\/{rel}","templated":true}]}}