{"id":144,"date":"2023-03-19T08:18:49","date_gmt":"2023-03-19T08:18:49","guid":{"rendered":"https:\/\/taranivanua.de\/?post_type=product&#038;p=144"},"modified":"2023-04-22T09:33:06","modified_gmt":"2023-04-22T09:33:06","slug":"muschel-perlenkette-taveuni-beach","status":"publish","type":"product","link":"https:\/\/taranivanua.de\/?product=muschel-perlenkette-taveuni-beach","title":{"rendered":"Muschel Perlenkette &#8211; Taveuni Beach"},"content":{"rendered":"<p><strong>Material:<\/strong><\/p>\n<p>Einzigartige Muschel von der Insel Taveuni &#8211; Fiji Islands<\/p>\n<p>S\u00fcsswasserperlen wei\u00df-oval\u00a0 10mm \/ lila &#8211; oval 6mm \/ Edelsteine: Korallen \/ Tibetan Silver<\/p>\n<p><strong>Umfang:<\/strong> 65cm<\/p>\n<p><strong>L\u00e4nge mit Anh\u00e4nger<\/strong>: 41cm<\/p>\n<p>Einmalige Muschel-Perlenkette mit unregelm\u00e4ssig geformten S\u00fcsswasserperlen aus den S\u00fcdpazifik. Die Muschel wurde von uns an einem der zauberhaften Str\u00e4nde der Insel Taveuni gefunden.<\/p>\n<p>Wir benutzen nur Muscheln, die bereits &#8220;tot&#8221; sind und die ordnungsgem\u00e4\u00df von den Beh\u00f6rden in Fiji zum Export freigegeben wurden.<\/p>\n<p>Handmade in Fiji<\/p>\n","protected":false},"excerpt":{"rendered":"<p>Taveuni-Muschel Perlenkette mit bezaubernder Muschel\u00a0\u00a0und den wilden Perlen des S\u00fcdpazifiks.<\/p>\n","protected":false},"featured_media":140,"template":"","meta":[],"product_cat":[45,48],"product_tag":[],"class_list":{"0":"post-144","1":"product","2":"type-product","3":"status-publish","4":"has-post-thumbnail","6":"product_cat-fashion-schmuck","7":"product_cat-suesswasserperlen-halskette-schmuck","9":"first","10":"instock","11":"sold-individually","12":"purchasable","13":"product-type-simple"},"jetpack_sharing_enabled":true,"_links":{"self":[{"href":"https:\/\/taranivanua.de\/index.php?rest_route=\/wp\/v2\/product\/144","targetHints":{"allow":["GET"]}}],"collection":[{"href":"https:\/\/taranivanua.de\/index.php?rest_route=\/wp\/v2\/product"}],"about":[{"href":"https:\/\/taranivanua.de\/index.php?rest_route=\/wp\/v2\/types\/product"}],"wp:featuredmedia":[{"embeddable":true,"href":"https:\/\/taranivanua.de\/index.php?rest_route=\/wp\/v2\/media\/140"}],"wp:attachment":[{"href":"https:\/\/taranivanua.de\/index.php?rest_route=%2Fwp%2Fv2%2Fmedia&parent=144"}],"wp:term":[{"taxonomy":"product_cat","embeddable":true,"href":"https:\/\/taranivanua.de\/index.php?rest_route=%2Fwp%2Fv2%2Fproduct_cat&post=144"},{"taxonomy":"product_tag","embeddable":true,"href":"https:\/\/taranivanua.de\/index.php?rest_route=%2Fwp%2Fv2%2Fproduct_tag&post=144"}],"curies":[{"name":"wp","href":"https:\/\/api.w.org\/{rel}","templated":true}]}}